{"id":3089,"date":"2022-07-25T16:28:42","date_gmt":"2022-07-25T21:28:42","guid":{"rendered":"http:\/\/qa.gabuteau.com\/product\/mom-102\/"},"modified":"2024-11-14T12:46:43","modified_gmt":"2024-11-14T17:46:43","slug":"mom-102","status":"publish","type":"product","link":"https:\/\/gabuteau.com\/es\/producto\/mujer\/billeteras-2\/monederos\/mom-102\/","title":{"rendered":"Monedero MOM 102"},"content":{"rendered":"<p>&nbsp;<\/p>\n","protected":false},"excerpt":{"rendered":"<p>Un accesorio peque\u00f1o y f\u00e1cil de llevar, para ti que usas constantemente monedas y no sabes donde colocarlas, est\u00e1 nuestro monedero con dos compartimentos y un cierre de cremallera. Perfecto para llevarlo a la mano, en tu cartera o bolso.<\/p>\n","protected":false},"featured_media":6460,"template":"","meta":{"_acf_changed":false,"inline_featured_image":false},"product_cat":[90],"product_tag":[735,209],"class_list":{"0":"post-3089","1":"product","2":"type-product","3":"status-publish","4":"has-post-thumbnail","6":"product_cat-monederos","7":"product_tag-destino","8":"product_tag-simplicidad","10":"first","11":"outofstock","12":"product-type-variable","13":"has-default-attributes"},"exclude_global_add_ons":[],"addons":[],"acf":[],"_links":{"self":[{"href":"https:\/\/gabuteau.com\/es\/wp-json\/wp\/v2\/product\/3089","targetHints":{"allow":["GET"]}}],"collection":[{"href":"https:\/\/gabuteau.com\/es\/wp-json\/wp\/v2\/product"}],"about":[{"href":"https:\/\/gabuteau.com\/es\/wp-json\/wp\/v2\/types\/product"}],"wp:featuredmedia":[{"embeddable":true,"href":"https:\/\/gabuteau.com\/es\/wp-json\/wp\/v2\/media\/6460"}],"wp:attachment":[{"href":"https:\/\/gabuteau.com\/es\/wp-json\/wp\/v2\/media?parent=3089"}],"wp:term":[{"taxonomy":"product_cat","embeddable":true,"href":"https:\/\/gabuteau.com\/es\/wp-json\/wp\/v2\/product_cat?post=3089"},{"taxonomy":"product_tag","embeddable":true,"href":"https:\/\/gabuteau.com\/es\/wp-json\/wp\/v2\/product_tag?post=3089"}],"curies":[{"name":"wp","href":"https:\/\/api.w.org\/{rel}","templated":true}]}}