{"id":3095,"date":"2022-07-25T16:28:42","date_gmt":"2022-07-25T21:28:42","guid":{"rendered":"http:\/\/qa.gabuteau.com\/product\/mom-103\/"},"modified":"2026-03-28T08:20:16","modified_gmt":"2026-03-28T13:20:16","slug":"mom-103","status":"publish","type":"product","link":"https:\/\/gabuteau.com\/es\/producto\/mujer\/billeteras-2\/monederos\/mom-103\/","title":{"rendered":"Monedero MOM 103"},"content":{"rendered":"<p>&nbsp;<\/p>\n","protected":false},"excerpt":{"rendered":"<p>Un accesorio peque\u00f1o y f\u00e1cil de llevar, para ti que usas constantemente monedas y no sabes donde colocarlas, est\u00e1 nuestro monedero con forma triangular, que refleja la limpieza y simplicidad de la marca. En su interior cuenta con tela y un cierre de cremallera para cerrarlo. Perfecto para llevarlo a la mano, en tu cartera o bolso.<\/p>\n","protected":false},"featured_media":29833,"template":"","meta":{"_acf_changed":false,"inline_featured_image":false},"product_cat":[90],"product_tag":[848,209],"class_list":{"0":"post-3095","1":"product","2":"type-product","3":"status-publish","4":"has-post-thumbnail","6":"product_cat-monederos","7":"product_tag-raices","8":"product_tag-simplicidad","10":"first","11":"instock","12":"purchasable","13":"product-type-variable","14":"has-default-attributes"},"exclude_global_add_ons":[],"addons":[],"acf":[],"_links":{"self":[{"href":"https:\/\/gabuteau.com\/es\/wp-json\/wp\/v2\/product\/3095","targetHints":{"allow":["GET"]}}],"collection":[{"href":"https:\/\/gabuteau.com\/es\/wp-json\/wp\/v2\/product"}],"about":[{"href":"https:\/\/gabuteau.com\/es\/wp-json\/wp\/v2\/types\/product"}],"wp:featuredmedia":[{"embeddable":true,"href":"https:\/\/gabuteau.com\/es\/wp-json\/wp\/v2\/media\/29833"}],"wp:attachment":[{"href":"https:\/\/gabuteau.com\/es\/wp-json\/wp\/v2\/media?parent=3095"}],"wp:term":[{"taxonomy":"product_cat","embeddable":true,"href":"https:\/\/gabuteau.com\/es\/wp-json\/wp\/v2\/product_cat?post=3095"},{"taxonomy":"product_tag","embeddable":true,"href":"https:\/\/gabuteau.com\/es\/wp-json\/wp\/v2\/product_tag?post=3095"}],"curies":[{"name":"wp","href":"https:\/\/api.w.org\/{rel}","templated":true}]}}