{"id":3112,"date":"2022-07-25T16:29:04","date_gmt":"2022-07-25T21:29:04","guid":{"rendered":"http:\/\/qa.gabuteau.com\/product\/monique\/"},"modified":"2024-12-27T18:11:33","modified_gmt":"2024-12-27T23:11:33","slug":"monique","status":"publish","type":"product","link":"https:\/\/gabuteau.com\/es\/producto\/mujer\/bolsos\/tote\/monique\/","title":{"rendered":"MONIQUE"},"content":{"rendered":"<p>x<\/p>\n","protected":false},"excerpt":{"rendered":"<p>Abundante y ligera. Quien la ve por fuera, no se percata del gran espacio que ofrece este bolso. Para llevar desde esenciales del d\u00eda a d\u00eda, hasta equipos electr\u00f3nicos , como ipads \u00f3 laptops.<\/p>\n<ul>\n<li>Para llevarla al hombro.<\/li>\n<li>M\u00faltiples compartimentos y bolsillos internos.<\/li>\n<li>Cierre de nylon interno.<\/li>\n<li>Media luna met\u00e1lica para sujeci\u00f3n.<\/li>\n<li>Interior en tela.<\/li>\n<\/ul>\n","protected":false},"featured_media":21243,"template":"","meta":{"_acf_changed":false,"inline_featured_image":false},"product_cat":[81],"product_tag":[73,209],"class_list":{"0":"post-3112","1":"product","2":"type-product","3":"status-publish","4":"has-post-thumbnail","6":"product_cat-tote","7":"product_tag-naturalidad-2022","8":"product_tag-simplicidad","10":"first","11":"outofstock","12":"product-type-variable","13":"has-default-attributes"},"exclude_global_add_ons":[],"addons":[],"acf":[],"_links":{"self":[{"href":"https:\/\/gabuteau.com\/es\/wp-json\/wp\/v2\/product\/3112","targetHints":{"allow":["GET"]}}],"collection":[{"href":"https:\/\/gabuteau.com\/es\/wp-json\/wp\/v2\/product"}],"about":[{"href":"https:\/\/gabuteau.com\/es\/wp-json\/wp\/v2\/types\/product"}],"wp:featuredmedia":[{"embeddable":true,"href":"https:\/\/gabuteau.com\/es\/wp-json\/wp\/v2\/media\/21243"}],"wp:attachment":[{"href":"https:\/\/gabuteau.com\/es\/wp-json\/wp\/v2\/media?parent=3112"}],"wp:term":[{"taxonomy":"product_cat","embeddable":true,"href":"https:\/\/gabuteau.com\/es\/wp-json\/wp\/v2\/product_cat?post=3112"},{"taxonomy":"product_tag","embeddable":true,"href":"https:\/\/gabuteau.com\/es\/wp-json\/wp\/v2\/product_tag?post=3112"}],"curies":[{"name":"wp","href":"https:\/\/api.w.org\/{rel}","templated":true}]}}