{"id":3131,"date":"2022-07-25T16:29:26","date_gmt":"2022-07-25T21:29:26","guid":{"rendered":"http:\/\/qa.gabuteau.com\/product\/nicole\/"},"modified":"2026-04-16T18:57:40","modified_gmt":"2026-04-16T23:57:40","slug":"nicole","status":"publish","type":"product","link":"https:\/\/gabuteau.com\/es\/producto\/mujer\/bolsos\/tote\/nicole\/","title":{"rendered":"NICOLE"},"content":{"rendered":"<p>x<\/p>\n<div id=\"lt-accessibility-devtools\" aria-hidden=\"true\"><\/div>\n","protected":false},"excerpt":{"rendered":"<p>Vers\u00e1til, as\u00ed se define este bolso. De apariencia y sensaci\u00f3n minimalista. Es nuestra versi\u00f3n del cl\u00e1sico y conocido Tote bag. Espacioso y transportable, suficiente para llevar una laptop, tus compras del d\u00eda a d\u00eda o lo que decidas cargar.<\/p>\n<div id=\"lt-accessibility-devtools\" aria-hidden=\"true\"><\/div>\n","protected":false},"featured_media":29040,"template":"","meta":{"_acf_changed":false,"inline_featured_image":false},"product_cat":[1007,81],"product_tag":[735,211,209],"class_list":{"0":"post-3131","1":"product","2":"type-product","3":"status-publish","4":"has-post-thumbnail","6":"product_cat-season-sale","7":"product_cat-tote","8":"product_tag-destino","9":"product_tag-esta-bien","10":"product_tag-simplicidad","12":"first","13":"instock","14":"purchasable","15":"product-type-variable","16":"has-default-attributes"},"exclude_global_add_ons":[],"addons":[],"acf":[],"_links":{"self":[{"href":"https:\/\/gabuteau.com\/es\/wp-json\/wp\/v2\/product\/3131","targetHints":{"allow":["GET"]}}],"collection":[{"href":"https:\/\/gabuteau.com\/es\/wp-json\/wp\/v2\/product"}],"about":[{"href":"https:\/\/gabuteau.com\/es\/wp-json\/wp\/v2\/types\/product"}],"wp:featuredmedia":[{"embeddable":true,"href":"https:\/\/gabuteau.com\/es\/wp-json\/wp\/v2\/media\/29040"}],"wp:attachment":[{"href":"https:\/\/gabuteau.com\/es\/wp-json\/wp\/v2\/media?parent=3131"}],"wp:term":[{"taxonomy":"product_cat","embeddable":true,"href":"https:\/\/gabuteau.com\/es\/wp-json\/wp\/v2\/product_cat?post=3131"},{"taxonomy":"product_tag","embeddable":true,"href":"https:\/\/gabuteau.com\/es\/wp-json\/wp\/v2\/product_tag?post=3131"}],"curies":[{"name":"wp","href":"https:\/\/api.w.org\/{rel}","templated":true}]}}