{"id":3146,"date":"2022-07-25T16:29:48","date_gmt":"2022-07-25T21:29:48","guid":{"rendered":"http:\/\/qa.gabuteau.com\/product\/paz\/"},"modified":"2026-04-24T17:10:33","modified_gmt":"2026-04-24T22:10:33","slug":"paz","status":"publish","type":"product","link":"https:\/\/gabuteau.com\/es\/producto\/mujer\/bolsos\/crossbody\/paz\/","title":{"rendered":"PAZ"},"content":{"rendered":"<p>&nbsp;<\/p>\n","protected":false},"excerpt":{"rendered":"<p>Un bolso original cuya geometr\u00eda evoca a una silueta trapezoidal. La simetr\u00eda presenta una armon\u00eda absoluta, lo cual hizo que volverla realidad fuera todo un reto. pero gracias a la persistencia de nuestros artesanos, hicieron la fantas\u00eda realidad.<\/p>\n","protected":false},"featured_media":33264,"template":"","meta":{"_acf_changed":false,"inline_featured_image":false},"product_cat":[79],"product_tag":[735,287,211,906,848],"class_list":{"0":"post-3146","1":"product","2":"type-product","3":"status-publish","4":"has-post-thumbnail","6":"product_cat-crossbody","7":"product_tag-destino","8":"product_tag-era","9":"product_tag-esta-bien","10":"product_tag-libertad","11":"product_tag-raices","13":"first","14":"instock","15":"purchasable","16":"product-type-variable","17":"has-default-attributes"},"exclude_global_add_ons":[],"addons":[],"acf":[],"_links":{"self":[{"href":"https:\/\/gabuteau.com\/es\/wp-json\/wp\/v2\/product\/3146","targetHints":{"allow":["GET"]}}],"collection":[{"href":"https:\/\/gabuteau.com\/es\/wp-json\/wp\/v2\/product"}],"about":[{"href":"https:\/\/gabuteau.com\/es\/wp-json\/wp\/v2\/types\/product"}],"wp:featuredmedia":[{"embeddable":true,"href":"https:\/\/gabuteau.com\/es\/wp-json\/wp\/v2\/media\/33264"}],"wp:attachment":[{"href":"https:\/\/gabuteau.com\/es\/wp-json\/wp\/v2\/media?parent=3146"}],"wp:term":[{"taxonomy":"product_cat","embeddable":true,"href":"https:\/\/gabuteau.com\/es\/wp-json\/wp\/v2\/product_cat?post=3146"},{"taxonomy":"product_tag","embeddable":true,"href":"https:\/\/gabuteau.com\/es\/wp-json\/wp\/v2\/product_tag?post=3146"}],"curies":[{"name":"wp","href":"https:\/\/api.w.org\/{rel}","templated":true}]}}