{"id":3164,"date":"2022-07-25T16:30:11","date_gmt":"2022-07-25T21:30:11","guid":{"rendered":"http:\/\/qa.gabuteau.com\/product\/pbh-104\/"},"modified":"2026-03-28T08:21:35","modified_gmt":"2026-03-28T13:21:35","slug":"pbh-104","status":"publish","type":"product","link":"https:\/\/gabuteau.com\/es\/producto\/hombre\/billeteras-3\/porta-billetes\/pbh-104\/","title":{"rendered":"Porta billete PBH 104"},"content":{"rendered":"<p>x<\/p>\n","protected":false},"excerpt":{"rendered":"<p>Si hablamos de simplicidad total, esta nuestro PBH 104, un accesorio peque\u00f1o y c\u00f3modo para llevar, completamente \u00fatil. Va sujeto a dos imanes que sostienen los billetes.<\/p>\n","protected":false},"featured_media":26212,"template":"","meta":{"_acf_changed":false,"inline_featured_image":false},"product_cat":[94,286],"product_tag":[735,73],"class_list":{"0":"post-3164","1":"product","2":"type-product","3":"status-publish","4":"has-post-thumbnail","6":"product_cat-porta-billetes","7":"product_cat-porta-billetes-accesorios","8":"product_tag-destino","9":"product_tag-naturalidad-2022","11":"first","12":"instock","13":"purchasable","14":"product-type-variable","15":"has-default-attributes"},"exclude_global_add_ons":[],"addons":[],"acf":[],"_links":{"self":[{"href":"https:\/\/gabuteau.com\/es\/wp-json\/wp\/v2\/product\/3164","targetHints":{"allow":["GET"]}}],"collection":[{"href":"https:\/\/gabuteau.com\/es\/wp-json\/wp\/v2\/product"}],"about":[{"href":"https:\/\/gabuteau.com\/es\/wp-json\/wp\/v2\/types\/product"}],"wp:featuredmedia":[{"embeddable":true,"href":"https:\/\/gabuteau.com\/es\/wp-json\/wp\/v2\/media\/26212"}],"wp:attachment":[{"href":"https:\/\/gabuteau.com\/es\/wp-json\/wp\/v2\/media?parent=3164"}],"wp:term":[{"taxonomy":"product_cat","embeddable":true,"href":"https:\/\/gabuteau.com\/es\/wp-json\/wp\/v2\/product_cat?post=3164"},{"taxonomy":"product_tag","embeddable":true,"href":"https:\/\/gabuteau.com\/es\/wp-json\/wp\/v2\/product_tag?post=3164"}],"curies":[{"name":"wp","href":"https:\/\/api.w.org\/{rel}","templated":true}]}}