{"id":3189,"date":"2022-07-25T16:30:34","date_gmt":"2022-07-25T21:30:34","guid":{"rendered":"http:\/\/qa.gabuteau.com\/product\/pph-101\/"},"modified":"2026-04-24T17:10:24","modified_gmt":"2026-04-24T22:10:24","slug":"pph-101","status":"publish","type":"product","link":"https:\/\/gabuteau.com\/es\/producto\/mujer\/viajes-2\/porta-pasaporte-2\/pph-101\/","title":{"rendered":"Porta pasaporte PPH 101"},"content":{"rendered":"<p>x<\/p>\n","protected":false},"excerpt":{"rendered":"<p>Te gusta viajar y necesitas un lugar donde colocar todos tus documentos, este porta pasaporte es ideal para ti ya que su peque\u00f1o tama\u00f1o permite meterlo en tu bolso de mano e incluso en el bolsillo del pantal\u00f3n. Es c\u00f3modo y f\u00e1cil de transportar. Adem\u00e1s el contraste de color y el personalizado de monogram lo hace ver \u00fanico. Tiene 4 compartimentos para colocar tus documentos y\/o papeles.<\/p>\n","protected":false},"featured_media":6500,"template":"","meta":{"_acf_changed":false,"inline_featured_image":false},"product_cat":[638,88,72,89],"product_tag":[735,73,209],"class_list":{"0":"post-3189","1":"product","2":"type-product","3":"status-publish","4":"has-post-thumbnail","6":"product_cat-porta-pasaporte-2","7":"product_cat-porta-pasaporte","8":"product_cat-monogramming","9":"product_cat-porta-pasaporte-accesorios","10":"product_tag-destino","11":"product_tag-naturalidad-2022","12":"product_tag-simplicidad","14":"first","15":"onbackorder","16":"purchasable","17":"product-type-variable","18":"has-default-attributes"},"exclude_global_add_ons":false,"addons":[{"name":"Agregar monogram","type":"checkbox","position":0,"required":false,"title_format":"hide","description_enable":false,"description":"","placeholder_enable":false,"placeholder":"","display":"select","restrictions_type":"any_text","adjust_price":false,"price":"","price_type":"flat_fee","restrictions":false,"min":0,"max":0,"options":[{"label":"Agregar monogram (personalizaci\u00f3n)","price":"0","price_type":"flat_fee","image":0}],"id":1692882220},{"name":"Ingresa tus iniciales","type":"custom_text","position":1,"required":false,"title_format":"label","description_enable":true,"description":"Ingresa m\u00e1ximo X caracteres","placeholder_enable":false,"placeholder":"","display":"select","restrictions_type":"any_text","adjust_price":false,"price":"","price_type":"flat_fee","restrictions":false,"min":0,"max":0,"options":[],"id":1692882221}],"acf":[],"_links":{"self":[{"href":"https:\/\/gabuteau.com\/es\/wp-json\/wp\/v2\/product\/3189","targetHints":{"allow":["GET"]}}],"collection":[{"href":"https:\/\/gabuteau.com\/es\/wp-json\/wp\/v2\/product"}],"about":[{"href":"https:\/\/gabuteau.com\/es\/wp-json\/wp\/v2\/types\/product"}],"wp:featuredmedia":[{"embeddable":true,"href":"https:\/\/gabuteau.com\/es\/wp-json\/wp\/v2\/media\/6500"}],"wp:attachment":[{"href":"https:\/\/gabuteau.com\/es\/wp-json\/wp\/v2\/media?parent=3189"}],"wp:term":[{"taxonomy":"product_cat","embeddable":true,"href":"https:\/\/gabuteau.com\/es\/wp-json\/wp\/v2\/product_cat?post=3189"},{"taxonomy":"product_tag","embeddable":true,"href":"https:\/\/gabuteau.com\/es\/wp-json\/wp\/v2\/product_tag?post=3189"}],"curies":[{"name":"wp","href":"https:\/\/api.w.org\/{rel}","templated":true}]}}