{"id":3194,"date":"2022-07-25T16:30:34","date_gmt":"2022-07-25T21:30:34","guid":{"rendered":"http:\/\/qa.gabuteau.com\/product\/pph-102\/"},"modified":"2026-04-24T17:10:24","modified_gmt":"2026-04-24T22:10:24","slug":"pph-102","status":"publish","type":"product","link":"https:\/\/gabuteau.com\/es\/producto\/hombre\/viajes\/porta-pasaporte\/pph-102\/","title":{"rendered":"Porta pasaporte PPH 102"},"content":{"rendered":"<p>&nbsp;<\/p>\n","protected":false},"excerpt":{"rendered":"<p>Te gusta viajar y necesitas un lugar donde colocar todos tus documentos, este porta pasaporte es ideal para ti ya que posee 4 bolsillo con cierre, es c\u00f3modo y f\u00e1cil de transportar. El tama\u00f1o perfecto para todo lo que necesitas llevar en el.<\/p>\n<ul>\n<li>4 compartimientos con cierre.<\/li>\n<li>Cuero Vacuno Genuino.<\/li>\n<li>Personalizado<\/li>\n<\/ul>\n","protected":false},"featured_media":31279,"template":"","meta":{"_acf_changed":false,"inline_featured_image":false},"product_cat":[88,72],"product_tag":[211,73,848],"class_list":{"0":"post-3194","1":"product","2":"type-product","3":"status-publish","4":"has-post-thumbnail","6":"product_cat-porta-pasaporte","7":"product_cat-monogramming","8":"product_tag-esta-bien","9":"product_tag-naturalidad-2022","10":"product_tag-raices","12":"first","13":"onbackorder","14":"purchasable","15":"product-type-variable","16":"has-default-attributes"},"exclude_global_add_ons":false,"addons":[{"name":"Agregar monogram","type":"checkbox","position":0,"required":false,"title_format":"hide","description_enable":false,"description":"","placeholder_enable":false,"placeholder":"","display":"select","restrictions_type":"any_text","adjust_price":false,"price":"","price_type":"flat_fee","restrictions":false,"min":0,"max":0,"options":[{"label":"Agregar monogram (personalizaci\u00f3n)","price":"0","price_type":"flat_fee","image":0}],"id":1692882220},{"name":"Ingresa tus iniciales","type":"custom_text","position":1,"required":false,"title_format":"label","description_enable":true,"description":"Ingresa m\u00e1ximo X caracteres","placeholder_enable":false,"placeholder":"","display":"select","restrictions_type":"any_text","adjust_price":false,"price":"","price_type":"flat_fee","restrictions":false,"min":0,"max":0,"options":[],"id":1692882221}],"acf":[],"_links":{"self":[{"href":"https:\/\/gabuteau.com\/es\/wp-json\/wp\/v2\/product\/3194","targetHints":{"allow":["GET"]}}],"collection":[{"href":"https:\/\/gabuteau.com\/es\/wp-json\/wp\/v2\/product"}],"about":[{"href":"https:\/\/gabuteau.com\/es\/wp-json\/wp\/v2\/types\/product"}],"wp:featuredmedia":[{"embeddable":true,"href":"https:\/\/gabuteau.com\/es\/wp-json\/wp\/v2\/media\/31279"}],"wp:attachment":[{"href":"https:\/\/gabuteau.com\/es\/wp-json\/wp\/v2\/media?parent=3194"}],"wp:term":[{"taxonomy":"product_cat","embeddable":true,"href":"https:\/\/gabuteau.com\/es\/wp-json\/wp\/v2\/product_cat?post=3194"},{"taxonomy":"product_tag","embeddable":true,"href":"https:\/\/gabuteau.com\/es\/wp-json\/wp\/v2\/product_tag?post=3194"}],"curies":[{"name":"wp","href":"https:\/\/api.w.org\/{rel}","templated":true}]}}