{"id":3203,"date":"2022-07-25T16:30:57","date_gmt":"2022-07-25T21:30:57","guid":{"rendered":"http:\/\/qa.gabuteau.com\/product\/ppm-103\/"},"modified":"2026-04-18T00:30:34","modified_gmt":"2026-04-18T05:30:34","slug":"ppm-103","status":"publish","type":"product","link":"https:\/\/gabuteau.com\/es\/producto\/mujer\/viajes-2\/porta-pasaporte-2\/ppm-103\/","title":{"rendered":"Porta pasaporte PPM 103"},"content":{"rendered":"<p>x<\/p>\n","protected":false},"excerpt":{"rendered":"<p>Un porta pasaporte para llevar un poco m\u00e1s de documentos por su tama\u00f1o. Es c\u00f3modo y f\u00e1cil de transportar. En su interior tiene un dise\u00f1o asim\u00e9trico y un contraste de dos colores que lo hace ver \u00fanico. Tiene 5 compartimentos para colocar tus documentos y\/o papeles.<\/p>\n","protected":false},"featured_media":21409,"template":"","meta":{"_acf_changed":false,"inline_featured_image":false},"product_cat":[638,72,89],"product_tag":[209],"class_list":{"0":"post-3203","1":"product","2":"type-product","3":"status-publish","4":"has-post-thumbnail","6":"product_cat-porta-pasaporte-2","7":"product_cat-monogramming","8":"product_cat-porta-pasaporte-accesorios","9":"product_tag-simplicidad","11":"first","12":"instock","13":"purchasable","14":"product-type-variable","15":"has-default-attributes"},"exclude_global_add_ons":false,"addons":[{"name":"Agregar monogram","type":"checkbox","position":0,"required":false,"title_format":"hide","description_enable":false,"description":"","placeholder_enable":false,"placeholder":"","display":"select","restrictions_type":"any_text","adjust_price":false,"price":"","price_type":"flat_fee","restrictions":false,"min":0,"max":0,"options":[{"label":"Agregar monogram (personalizaci\u00f3n)","price":"0","price_type":"flat_fee","image":0}],"id":1692882220},{"name":"Ingresa tus iniciales","type":"custom_text","position":1,"required":false,"title_format":"label","description_enable":true,"description":"Ingresa m\u00e1ximo X caracteres","placeholder_enable":false,"placeholder":"","display":"select","restrictions_type":"any_text","adjust_price":false,"price":"","price_type":"flat_fee","restrictions":false,"min":0,"max":0,"options":[],"id":1692882221}],"acf":[],"_links":{"self":[{"href":"https:\/\/gabuteau.com\/es\/wp-json\/wp\/v2\/product\/3203","targetHints":{"allow":["GET"]}}],"collection":[{"href":"https:\/\/gabuteau.com\/es\/wp-json\/wp\/v2\/product"}],"about":[{"href":"https:\/\/gabuteau.com\/es\/wp-json\/wp\/v2\/types\/product"}],"wp:featuredmedia":[{"embeddable":true,"href":"https:\/\/gabuteau.com\/es\/wp-json\/wp\/v2\/media\/21409"}],"wp:attachment":[{"href":"https:\/\/gabuteau.com\/es\/wp-json\/wp\/v2\/media?parent=3203"}],"wp:term":[{"taxonomy":"product_cat","embeddable":true,"href":"https:\/\/gabuteau.com\/es\/wp-json\/wp\/v2\/product_cat?post=3203"},{"taxonomy":"product_tag","embeddable":true,"href":"https:\/\/gabuteau.com\/es\/wp-json\/wp\/v2\/product_tag?post=3203"}],"curies":[{"name":"wp","href":"https:\/\/api.w.org\/{rel}","templated":true}]}}