{"id":3230,"date":"2022-07-25T16:31:20","date_gmt":"2022-07-25T21:31:20","guid":{"rendered":"http:\/\/qa.gabuteau.com\/product\/rose-l\/"},"modified":"2024-12-27T18:12:33","modified_gmt":"2024-12-27T23:12:33","slug":"rose-l","status":"publish","type":"product","link":"https:\/\/gabuteau.com\/es\/producto\/mujer\/bolsos\/sobre\/rose-l\/","title":{"rendered":"ROSE L"},"content":{"rendered":"<p>x<\/p>\n","protected":false},"excerpt":{"rendered":"<p>\u00datil y pr\u00e1ctico sobre de cuero con cierre met\u00e1lico.<br \/>\nBordes pintados minuciosamente, y si son observadores, la costura no llega hasta el final de la pieza, haciendo de este sobre un detalle.<\/p>\n","protected":false},"featured_media":5118,"template":"","meta":{"_acf_changed":false,"inline_featured_image":false},"product_cat":[72,80],"product_tag":[209],"class_list":{"0":"post-3230","1":"product","2":"type-product","3":"status-publish","4":"has-post-thumbnail","6":"product_cat-monogramming","7":"product_cat-sobre","8":"product_tag-simplicidad","10":"first","11":"outofstock","12":"product-type-variable","13":"has-default-attributes"},"exclude_global_add_ons":false,"addons":[{"name":"Agregar monogram","type":"checkbox","position":0,"required":false,"title_format":"hide","description_enable":false,"description":"","placeholder_enable":false,"placeholder":"","display":"select","restrictions_type":"any_text","adjust_price":false,"price":"","price_type":"flat_fee","restrictions":false,"min":0,"max":0,"options":[{"label":"Agregar monogram (personalizaci\u00f3n)","price":"0","price_type":"flat_fee","image":0}],"id":1692882220},{"name":"Ingresa tus iniciales","type":"custom_text","position":1,"required":false,"title_format":"label","description_enable":true,"description":"Ingresa m\u00e1ximo X caracteres","placeholder_enable":false,"placeholder":"","display":"select","restrictions_type":"any_text","adjust_price":false,"price":"","price_type":"flat_fee","restrictions":false,"min":0,"max":0,"options":[],"id":1692882221}],"acf":[],"_links":{"self":[{"href":"https:\/\/gabuteau.com\/es\/wp-json\/wp\/v2\/product\/3230","targetHints":{"allow":["GET"]}}],"collection":[{"href":"https:\/\/gabuteau.com\/es\/wp-json\/wp\/v2\/product"}],"about":[{"href":"https:\/\/gabuteau.com\/es\/wp-json\/wp\/v2\/types\/product"}],"wp:featuredmedia":[{"embeddable":true,"href":"https:\/\/gabuteau.com\/es\/wp-json\/wp\/v2\/media\/5118"}],"wp:attachment":[{"href":"https:\/\/gabuteau.com\/es\/wp-json\/wp\/v2\/media?parent=3230"}],"wp:term":[{"taxonomy":"product_cat","embeddable":true,"href":"https:\/\/gabuteau.com\/es\/wp-json\/wp\/v2\/product_cat?post=3230"},{"taxonomy":"product_tag","embeddable":true,"href":"https:\/\/gabuteau.com\/es\/wp-json\/wp\/v2\/product_tag?post=3230"}],"curies":[{"name":"wp","href":"https:\/\/api.w.org\/{rel}","templated":true}]}}