{"id":3276,"date":"2022-07-25T16:32:26","date_gmt":"2022-07-25T21:32:26","guid":{"rendered":"http:\/\/qa.gabuteau.com\/product\/th-112\/"},"modified":"2024-12-27T18:12:35","modified_gmt":"2024-12-27T23:12:35","slug":"th-112","status":"publish","type":"product","link":"https:\/\/gabuteau.com\/es\/producto\/hombre\/billeteras-3\/tarjeteros\/th-112\/","title":{"rendered":"Tarjetero TH 112"},"content":{"rendered":"<p>x<\/p>\n","protected":false},"excerpt":{"rendered":"<p>Un tarjetero fuera de lo com\u00fan con una forma ovalada en la parte superior. En el cuerpo frontal contiene 2 ranuras exteriores para tarjetas de cr\u00e9dito y 1 compartimento para almacenamiento adicional. En el cuerpo posterior lleva un dije de metal con el sello de la marca. Su peque\u00f1o tama\u00f1o lo hace c\u00f3modo y vers\u00e1til.<\/p>\n","protected":false},"featured_media":3619,"template":"","meta":{"_acf_changed":false,"inline_featured_image":false},"product_cat":[86],"product_tag":[209],"class_list":{"0":"post-3276","1":"product","2":"type-product","3":"status-publish","4":"has-post-thumbnail","6":"product_cat-tarjeteros","7":"product_tag-simplicidad","9":"first","10":"outofstock","11":"product-type-variable","12":"has-default-attributes"},"exclude_global_add_ons":[],"addons":[],"acf":[],"_links":{"self":[{"href":"https:\/\/gabuteau.com\/es\/wp-json\/wp\/v2\/product\/3276","targetHints":{"allow":["GET"]}}],"collection":[{"href":"https:\/\/gabuteau.com\/es\/wp-json\/wp\/v2\/product"}],"about":[{"href":"https:\/\/gabuteau.com\/es\/wp-json\/wp\/v2\/types\/product"}],"wp:featuredmedia":[{"embeddable":true,"href":"https:\/\/gabuteau.com\/es\/wp-json\/wp\/v2\/media\/3619"}],"wp:attachment":[{"href":"https:\/\/gabuteau.com\/es\/wp-json\/wp\/v2\/media?parent=3276"}],"wp:term":[{"taxonomy":"product_cat","embeddable":true,"href":"https:\/\/gabuteau.com\/es\/wp-json\/wp\/v2\/product_cat?post=3276"},{"taxonomy":"product_tag","embeddable":true,"href":"https:\/\/gabuteau.com\/es\/wp-json\/wp\/v2\/product_tag?post=3276"}],"curies":[{"name":"wp","href":"https:\/\/api.w.org\/{rel}","templated":true}]}}