{"id":33006,"date":"2024-10-10T07:20:46","date_gmt":"2024-10-10T12:20:46","guid":{"rendered":"https:\/\/gabuteau.com\/?post_type=product&#038;p=33006"},"modified":"2026-04-24T17:09:08","modified_gmt":"2026-04-24T22:09:08","slug":"lina","status":"publish","type":"product","link":"https:\/\/gabuteau.com\/es\/producto\/mujer\/bolsos\/de-mano\/lina\/","title":{"rendered":"LINA"},"content":{"rendered":"<p>&nbsp;<\/p>\n","protected":false},"excerpt":{"rendered":"<p>Este bolso peque\u00f1o de mano combina elegancia y modernidad con un dise\u00f1o \u00fanico. Su distintivo asa, adornada con una esfera decorativa, a\u00f1ade un toque de sofisticaci\u00f3n y originalidad. A pesar de su tama\u00f1o reducido, ofrece suficiente espacio para tus esenciales, convirti\u00e9ndolo en el accesorio ideal para un look a la moda y contempor\u00e1neo.<\/p>\n<ul>\n<li>Asa redonda con esfera de madera<\/li>\n<li>Interior de tela<\/li>\n<li>Bolsillo interno<\/li>\n<li>Tapa inmantada<\/li>\n<\/ul>\n","protected":false},"featured_media":33189,"template":"","meta":{"_acf_changed":false,"inline_featured_image":false},"product_cat":[977,76],"product_tag":[906],"class_list":{"0":"post-33006","1":"product","2":"type-product","3":"status-publish","4":"has-post-thumbnail","6":"product_cat-clutches-de-mano","7":"product_cat-de-mano","8":"product_tag-libertad","10":"first","11":"instock","12":"purchasable","13":"product-type-variable","14":"has-default-attributes"},"exclude_global_add_ons":[],"addons":[],"acf":[],"_links":{"self":[{"href":"https:\/\/gabuteau.com\/es\/wp-json\/wp\/v2\/product\/33006","targetHints":{"allow":["GET"]}}],"collection":[{"href":"https:\/\/gabuteau.com\/es\/wp-json\/wp\/v2\/product"}],"about":[{"href":"https:\/\/gabuteau.com\/es\/wp-json\/wp\/v2\/types\/product"}],"wp:featuredmedia":[{"embeddable":true,"href":"https:\/\/gabuteau.com\/es\/wp-json\/wp\/v2\/media\/33189"}],"wp:attachment":[{"href":"https:\/\/gabuteau.com\/es\/wp-json\/wp\/v2\/media?parent=33006"}],"wp:term":[{"taxonomy":"product_cat","embeddable":true,"href":"https:\/\/gabuteau.com\/es\/wp-json\/wp\/v2\/product_cat?post=33006"},{"taxonomy":"product_tag","embeddable":true,"href":"https:\/\/gabuteau.com\/es\/wp-json\/wp\/v2\/product_tag?post=33006"}],"curies":[{"name":"wp","href":"https:\/\/api.w.org\/{rel}","templated":true}]}}