{"id":33016,"date":"2024-10-10T07:21:11","date_gmt":"2024-10-10T12:21:11","guid":{"rendered":"https:\/\/gabuteau.com\/?post_type=product&#038;p=33016"},"modified":"2026-04-24T17:09:05","modified_gmt":"2026-04-24T22:09:05","slug":"gia","status":"publish","type":"product","link":"https:\/\/gabuteau.com\/es\/producto\/mujer\/bolsos\/clutch\/gia\/","title":{"rendered":"GIA"},"content":{"rendered":"<p>&nbsp;<\/p>\n","protected":false},"excerpt":{"rendered":"<p>Gia, un clutch elegante y minimalista con tapa asim\u00e9trica, es perfecto para complementar cualquier look de d\u00eda o de noche, a\u00f1adiendo un toque sofisticado.<\/p>\n<ul>\n<li>Tapa inmantada<\/li>\n<li>Interior de tela<\/li>\n<li>Tarjetero interno<\/li>\n<\/ul>\n","protected":false},"featured_media":33612,"template":"","meta":{"_acf_changed":false,"inline_featured_image":false},"product_cat":[977,78],"product_tag":[906],"class_list":{"0":"post-33016","1":"product","2":"type-product","3":"status-publish","4":"has-post-thumbnail","6":"product_cat-clutches-de-mano","7":"product_cat-clutch","8":"product_tag-libertad","10":"first","11":"instock","12":"purchasable","13":"product-type-variable","14":"has-default-attributes"},"exclude_global_add_ons":[],"addons":[],"acf":[],"_links":{"self":[{"href":"https:\/\/gabuteau.com\/es\/wp-json\/wp\/v2\/product\/33016","targetHints":{"allow":["GET"]}}],"collection":[{"href":"https:\/\/gabuteau.com\/es\/wp-json\/wp\/v2\/product"}],"about":[{"href":"https:\/\/gabuteau.com\/es\/wp-json\/wp\/v2\/types\/product"}],"wp:featuredmedia":[{"embeddable":true,"href":"https:\/\/gabuteau.com\/es\/wp-json\/wp\/v2\/media\/33612"}],"wp:attachment":[{"href":"https:\/\/gabuteau.com\/es\/wp-json\/wp\/v2\/media?parent=33016"}],"wp:term":[{"taxonomy":"product_cat","embeddable":true,"href":"https:\/\/gabuteau.com\/es\/wp-json\/wp\/v2\/product_cat?post=33016"},{"taxonomy":"product_tag","embeddable":true,"href":"https:\/\/gabuteau.com\/es\/wp-json\/wp\/v2\/product_tag?post=33016"}],"curies":[{"name":"wp","href":"https:\/\/api.w.org\/{rel}","templated":true}]}}