{"id":33037,"date":"2024-10-10T07:22:01","date_gmt":"2024-10-10T12:22:01","guid":{"rendered":"https:\/\/gabuteau.com\/?post_type=product&#038;p=33037"},"modified":"2026-03-28T08:20:04","modified_gmt":"2026-03-28T13:20:04","slug":"llavero-llh-104","status":"publish","type":"product","link":"https:\/\/gabuteau.com\/es\/producto\/hombre\/accesorios-h\/llaveros-hombre\/llavero-llh-104\/","title":{"rendered":"Llavero LLH 104"},"content":{"rendered":"<p>&nbsp;<\/p>\n","protected":false},"excerpt":{"rendered":"<p>Este llavero minimalista para hombre presenta un dise\u00f1o limpio y contempor\u00e1neo con un \u00fanico aro para llaves. Perfecto para quienes buscan una soluci\u00f3n simple y elegante para organizar sus llaves diarias.<\/p>\n<ul>\n<li>Acabados al corte y bordes pintados a mano.<\/li>\n<li>Aro para a\u00f1adir las llaves<\/li>\n<\/ul>\n","protected":false},"featured_media":33318,"template":"","meta":{"_acf_changed":false,"inline_featured_image":false},"product_cat":[283],"product_tag":[906],"class_list":{"0":"post-33037","1":"product","2":"type-product","3":"status-publish","4":"has-post-thumbnail","6":"product_cat-llaveros-hombre","7":"product_tag-libertad","9":"first","10":"instock","11":"purchasable","12":"product-type-variable","13":"has-default-attributes"},"exclude_global_add_ons":[],"addons":[],"acf":[],"_links":{"self":[{"href":"https:\/\/gabuteau.com\/es\/wp-json\/wp\/v2\/product\/33037","targetHints":{"allow":["GET"]}}],"collection":[{"href":"https:\/\/gabuteau.com\/es\/wp-json\/wp\/v2\/product"}],"about":[{"href":"https:\/\/gabuteau.com\/es\/wp-json\/wp\/v2\/types\/product"}],"wp:featuredmedia":[{"embeddable":true,"href":"https:\/\/gabuteau.com\/es\/wp-json\/wp\/v2\/media\/33318"}],"wp:attachment":[{"href":"https:\/\/gabuteau.com\/es\/wp-json\/wp\/v2\/media?parent=33037"}],"wp:term":[{"taxonomy":"product_cat","embeddable":true,"href":"https:\/\/gabuteau.com\/es\/wp-json\/wp\/v2\/product_cat?post=33037"},{"taxonomy":"product_tag","embeddable":true,"href":"https:\/\/gabuteau.com\/es\/wp-json\/wp\/v2\/product_tag?post=33037"}],"curies":[{"name":"wp","href":"https:\/\/api.w.org\/{rel}","templated":true}]}}