{"id":33041,"date":"2024-10-10T07:22:01","date_gmt":"2024-10-10T12:22:01","guid":{"rendered":"https:\/\/gabuteau.com\/?post_type=product&#038;p=33041"},"modified":"2026-04-24T17:09:21","modified_gmt":"2026-04-24T22:09:21","slug":"monedero-moh-102","status":"publish","type":"product","link":"https:\/\/gabuteau.com\/es\/producto\/hombre\/billeteras-3\/monederos-hombre\/monedero-moh-102\/","title":{"rendered":"Monedero MOH 102"},"content":{"rendered":"<p>&nbsp;<\/p>\n","protected":false},"excerpt":{"rendered":"<p>Este monedero compacto y minimalista presenta una entrada de monedas ingeniosa, que permite un acceso r\u00e1pido y pr\u00e1ctico. Gracias a su tama\u00f1o, es ideal para llevar en el bolsillo, combinando funcionalidad y comodidad.<\/p>\n<ul>\n<li>Tapa con broche<\/li>\n<li>Acabados al corte y bordes pintados a mano.<\/li>\n<li>Interior de cuero<\/li>\n<li>Bolsillo para monedas<\/li>\n<\/ul>\n","protected":false},"featured_media":33329,"template":"","meta":{"_acf_changed":false,"inline_featured_image":false},"product_cat":[232],"product_tag":[906],"class_list":{"0":"post-33041","1":"product","2":"type-product","3":"status-publish","4":"has-post-thumbnail","6":"product_cat-monederos-hombre","7":"product_tag-libertad","9":"first","10":"instock","11":"purchasable","12":"product-type-variable","13":"has-default-attributes"},"exclude_global_add_ons":[],"addons":[],"acf":[],"_links":{"self":[{"href":"https:\/\/gabuteau.com\/es\/wp-json\/wp\/v2\/product\/33041","targetHints":{"allow":["GET"]}}],"collection":[{"href":"https:\/\/gabuteau.com\/es\/wp-json\/wp\/v2\/product"}],"about":[{"href":"https:\/\/gabuteau.com\/es\/wp-json\/wp\/v2\/types\/product"}],"wp:featuredmedia":[{"embeddable":true,"href":"https:\/\/gabuteau.com\/es\/wp-json\/wp\/v2\/media\/33329"}],"wp:attachment":[{"href":"https:\/\/gabuteau.com\/es\/wp-json\/wp\/v2\/media?parent=33041"}],"wp:term":[{"taxonomy":"product_cat","embeddable":true,"href":"https:\/\/gabuteau.com\/es\/wp-json\/wp\/v2\/product_cat?post=33041"},{"taxonomy":"product_tag","embeddable":true,"href":"https:\/\/gabuteau.com\/es\/wp-json\/wp\/v2\/product_tag?post=33041"}],"curies":[{"name":"wp","href":"https:\/\/api.w.org\/{rel}","templated":true}]}}