{"id":33074,"date":"2024-10-10T07:23:33","date_gmt":"2024-10-10T12:23:33","guid":{"rendered":"https:\/\/gabuteau.com\/?post_type=product&#038;p=33074"},"modified":"2026-04-24T17:09:34","modified_gmt":"2026-04-24T22:09:34","slug":"porta-lente-plm-105","status":"publish","type":"product","link":"https:\/\/gabuteau.com\/es\/producto\/mujer\/accesorios\/porta-lentes\/porta-lente-plm-105\/","title":{"rendered":"Porta lente PLM 105"},"content":{"rendered":"<p>&nbsp;<\/p>\n","protected":false},"excerpt":{"rendered":"<p>Nuestro portalentes multifuncional, asegura que tus lentes est\u00e9n siempre organizados y protegidos. Su ingenioso dise\u00f1o facilita usar un lado mientras que el otro permanece cerrado, permitiendo ocupar poco espacio cuando no est\u00e1 en uso y ofreciendo una soluci\u00f3n elegante y pr\u00e1ctica para el transporte diario.<\/p>\n<ul>\n<li>Capacidad para 2 lentes<\/li>\n<li>Acabados al corte y pintados a mano<\/li>\n<li>Interior de tela<\/li>\n<\/ul>\n","protected":false},"featured_media":33352,"template":"","meta":{"_acf_changed":false,"inline_featured_image":false},"product_cat":[235],"product_tag":[906],"class_list":{"0":"post-33074","1":"product","2":"type-product","3":"status-publish","4":"has-post-thumbnail","6":"product_cat-porta-lentes","7":"product_tag-libertad","9":"first","10":"instock","11":"purchasable","12":"product-type-variable","13":"has-default-attributes"},"exclude_global_add_ons":[],"addons":[],"acf":[],"_links":{"self":[{"href":"https:\/\/gabuteau.com\/es\/wp-json\/wp\/v2\/product\/33074","targetHints":{"allow":["GET"]}}],"collection":[{"href":"https:\/\/gabuteau.com\/es\/wp-json\/wp\/v2\/product"}],"about":[{"href":"https:\/\/gabuteau.com\/es\/wp-json\/wp\/v2\/types\/product"}],"wp:featuredmedia":[{"embeddable":true,"href":"https:\/\/gabuteau.com\/es\/wp-json\/wp\/v2\/media\/33352"}],"wp:attachment":[{"href":"https:\/\/gabuteau.com\/es\/wp-json\/wp\/v2\/media?parent=33074"}],"wp:term":[{"taxonomy":"product_cat","embeddable":true,"href":"https:\/\/gabuteau.com\/es\/wp-json\/wp\/v2\/product_cat?post=33074"},{"taxonomy":"product_tag","embeddable":true,"href":"https:\/\/gabuteau.com\/es\/wp-json\/wp\/v2\/product_tag?post=33074"}],"curies":[{"name":"wp","href":"https:\/\/api.w.org\/{rel}","templated":true}]}}