{"id":33078,"date":"2024-10-10T07:23:33","date_gmt":"2024-10-10T12:23:33","guid":{"rendered":"https:\/\/gabuteau.com\/?post_type=product&#038;p=33078"},"modified":"2026-04-18T00:29:33","modified_gmt":"2026-04-18T05:29:33","slug":"porta-servilleta-ps-101","status":"publish","type":"product","link":"https:\/\/gabuteau.com\/es\/producto\/linea-home\/porta-servilletas\/porta-servilleta-ps-101\/","title":{"rendered":"Porta servilleta PS 101"},"content":{"rendered":"<p>&nbsp;<\/p>\n","protected":false},"excerpt":{"rendered":"<p>El porta servilletas para tela cuenta con un dise\u00f1o limpio y compacto que no solo mantiene tus servilletas organizadas, sino que tambi\u00e9n a\u00f1ade un toque de sofisticaci\u00f3n a tu espacio.<\/p>\n<ul>\n<li>Pack de 4 unidades<\/li>\n<li>Acabados al corte<\/li>\n<li>Cierre con pin<\/li>\n<\/ul>\n","protected":false},"featured_media":33386,"template":"","meta":{"_acf_changed":false,"inline_featured_image":false},"product_cat":[886],"product_tag":[906],"class_list":{"0":"post-33078","1":"product","2":"type-product","3":"status-publish","4":"has-post-thumbnail","6":"product_cat-porta-servilletas","7":"product_tag-libertad","9":"first","10":"instock","11":"purchasable","12":"product-type-variable","13":"has-default-attributes"},"exclude_global_add_ons":[],"addons":[],"acf":[],"_links":{"self":[{"href":"https:\/\/gabuteau.com\/es\/wp-json\/wp\/v2\/product\/33078","targetHints":{"allow":["GET"]}}],"collection":[{"href":"https:\/\/gabuteau.com\/es\/wp-json\/wp\/v2\/product"}],"about":[{"href":"https:\/\/gabuteau.com\/es\/wp-json\/wp\/v2\/types\/product"}],"wp:featuredmedia":[{"embeddable":true,"href":"https:\/\/gabuteau.com\/es\/wp-json\/wp\/v2\/media\/33386"}],"wp:attachment":[{"href":"https:\/\/gabuteau.com\/es\/wp-json\/wp\/v2\/media?parent=33078"}],"wp:term":[{"taxonomy":"product_cat","embeddable":true,"href":"https:\/\/gabuteau.com\/es\/wp-json\/wp\/v2\/product_cat?post=33078"},{"taxonomy":"product_tag","embeddable":true,"href":"https:\/\/gabuteau.com\/es\/wp-json\/wp\/v2\/product_tag?post=33078"}],"curies":[{"name":"wp","href":"https:\/\/api.w.org\/{rel}","templated":true}]}}