{"id":33084,"date":"2024-10-10T07:23:58","date_gmt":"2024-10-10T12:23:58","guid":{"rendered":"https:\/\/gabuteau.com\/?post_type=product&#038;p=33084"},"modified":"2026-04-10T18:09:21","modified_gmt":"2026-04-10T23:09:21","slug":"tarjetero-tu-104","status":"publish","type":"product","link":"https:\/\/gabuteau.com\/es\/producto\/hombre\/billeteras-3\/tarjeteros\/tarjetero-tu-104\/","title":{"rendered":"Tarjetero TU 104"},"content":{"rendered":"<p>&nbsp;<\/p>\n","protected":false},"excerpt":{"rendered":"<p>El tarjetero TU 104 destaca por su elegante calado de rombos que ofrece un patr\u00f3n geom\u00e9trico elegante y sofisticado. Ofrece una soluci\u00f3n compacta y eficiente para organizar tus tarjetas<\/p>\n<ul>\n<li>Capacidad para 4 tarjetas<\/li>\n<li>Detalle calado<\/li>\n<li>Acabados al corte<\/li>\n<\/ul>\n","protected":false},"featured_media":33441,"template":"","meta":{"_acf_changed":false,"inline_featured_image":false},"product_cat":[86,87],"product_tag":[906],"class_list":{"0":"post-33084","1":"product","2":"type-product","3":"status-publish","4":"has-post-thumbnail","6":"product_cat-tarjeteros","7":"product_cat-tarjeteros-accesorios","8":"product_tag-libertad","10":"first","11":"instock","12":"purchasable","13":"product-type-variable","14":"has-default-attributes"},"exclude_global_add_ons":[],"addons":[],"acf":[],"_links":{"self":[{"href":"https:\/\/gabuteau.com\/es\/wp-json\/wp\/v2\/product\/33084","targetHints":{"allow":["GET"]}}],"collection":[{"href":"https:\/\/gabuteau.com\/es\/wp-json\/wp\/v2\/product"}],"about":[{"href":"https:\/\/gabuteau.com\/es\/wp-json\/wp\/v2\/types\/product"}],"wp:featuredmedia":[{"embeddable":true,"href":"https:\/\/gabuteau.com\/es\/wp-json\/wp\/v2\/media\/33441"}],"wp:attachment":[{"href":"https:\/\/gabuteau.com\/es\/wp-json\/wp\/v2\/media?parent=33084"}],"wp:term":[{"taxonomy":"product_cat","embeddable":true,"href":"https:\/\/gabuteau.com\/es\/wp-json\/wp\/v2\/product_cat?post=33084"},{"taxonomy":"product_tag","embeddable":true,"href":"https:\/\/gabuteau.com\/es\/wp-json\/wp\/v2\/product_tag?post=33084"}],"curies":[{"name":"wp","href":"https:\/\/api.w.org\/{rel}","templated":true}]}}