{"id":33089,"date":"2024-10-10T07:23:58","date_gmt":"2024-10-10T12:23:58","guid":{"rendered":"https:\/\/gabuteau.com\/?post_type=product&#038;p=33089"},"modified":"2026-04-24T17:10:27","modified_gmt":"2026-04-24T22:10:27","slug":"visera-4","status":"publish","type":"product","link":"https:\/\/gabuteau.com\/es\/producto\/mujer\/accesorios\/viseras\/visera-4\/","title":{"rendered":"VISERA 4"},"content":{"rendered":"<p>&nbsp;<\/p>\n","protected":false},"excerpt":{"rendered":"<p>Visera con ala ancha y ajuste con pega-pega, perfecta para el verano. Ofrece protecci\u00f3n completa para tus o\u00eddos y rostro, manteni\u00e9ndote fresco y c\u00f3modo en d\u00edas soleados. Su dise\u00f1o ligero y c\u00f3modo garantiza un ajuste perfecto, combinando estilo y funcionalidad en cada salida al sol.<\/p>\n<ul>\n<li>Ala ancha<\/li>\n<li>Sellos en bajo relieve<\/li>\n<li>Regulador con pega pega<\/li>\n<\/ul>\n","protected":false},"featured_media":33472,"template":"","meta":{"_acf_changed":false,"inline_featured_image":false},"product_cat":[323],"product_tag":[906],"class_list":{"0":"post-33089","1":"product","2":"type-product","3":"status-publish","4":"has-post-thumbnail","6":"product_cat-viseras","7":"product_tag-libertad","9":"first","10":"instock","11":"purchasable","12":"product-type-variable","13":"has-default-attributes"},"exclude_global_add_ons":[],"addons":[],"acf":[],"_links":{"self":[{"href":"https:\/\/gabuteau.com\/es\/wp-json\/wp\/v2\/product\/33089","targetHints":{"allow":["GET"]}}],"collection":[{"href":"https:\/\/gabuteau.com\/es\/wp-json\/wp\/v2\/product"}],"about":[{"href":"https:\/\/gabuteau.com\/es\/wp-json\/wp\/v2\/types\/product"}],"wp:featuredmedia":[{"embeddable":true,"href":"https:\/\/gabuteau.com\/es\/wp-json\/wp\/v2\/media\/33472"}],"wp:attachment":[{"href":"https:\/\/gabuteau.com\/es\/wp-json\/wp\/v2\/media?parent=33089"}],"wp:term":[{"taxonomy":"product_cat","embeddable":true,"href":"https:\/\/gabuteau.com\/es\/wp-json\/wp\/v2\/product_cat?post=33089"},{"taxonomy":"product_tag","embeddable":true,"href":"https:\/\/gabuteau.com\/es\/wp-json\/wp\/v2\/product_tag?post=33089"}],"curies":[{"name":"wp","href":"https:\/\/api.w.org\/{rel}","templated":true}]}}