{"id":3321,"date":"2022-07-25T16:33:10","date_gmt":"2022-07-25T21:33:10","guid":{"rendered":"http:\/\/qa.gabuteau.com\/product\/tm-108\/"},"modified":"2024-12-27T18:11:40","modified_gmt":"2024-12-27T23:11:40","slug":"tm-108","status":"publish","type":"product","link":"https:\/\/gabuteau.com\/es\/producto\/mujer\/billeteras-2\/tarjeteros-accesorios\/tm-108\/","title":{"rendered":"Tarjetero TM 108"},"content":{"rendered":"<p>x<\/p>\n","protected":false},"excerpt":{"rendered":"<p>Tarjetero con mica, perfecto para fotos, notas y\/o recibos. Contiene 1 ranura para tarjetas de cr\u00e9dito y 1 compartimento para almacenamiento adicional de billetes. Adem\u00e1s cuenta con un dije de metal en el cuerpo posterior con el logo de la marca. Su peque\u00f1o tama\u00f1o lo hace c\u00f3modo y vers\u00e1til.<\/p>\n","protected":false},"featured_media":21635,"template":"","meta":{"_acf_changed":false,"inline_featured_image":false},"product_cat":[87],"product_tag":[73,209],"class_list":{"0":"post-3321","1":"product","2":"type-product","3":"status-publish","4":"has-post-thumbnail","6":"product_cat-tarjeteros-accesorios","7":"product_tag-naturalidad-2022","8":"product_tag-simplicidad","10":"first","11":"outofstock","12":"product-type-variable","13":"has-default-attributes"},"exclude_global_add_ons":[],"addons":[],"acf":[],"_links":{"self":[{"href":"https:\/\/gabuteau.com\/es\/wp-json\/wp\/v2\/product\/3321","targetHints":{"allow":["GET"]}}],"collection":[{"href":"https:\/\/gabuteau.com\/es\/wp-json\/wp\/v2\/product"}],"about":[{"href":"https:\/\/gabuteau.com\/es\/wp-json\/wp\/v2\/types\/product"}],"wp:featuredmedia":[{"embeddable":true,"href":"https:\/\/gabuteau.com\/es\/wp-json\/wp\/v2\/media\/21635"}],"wp:attachment":[{"href":"https:\/\/gabuteau.com\/es\/wp-json\/wp\/v2\/media?parent=3321"}],"wp:term":[{"taxonomy":"product_cat","embeddable":true,"href":"https:\/\/gabuteau.com\/es\/wp-json\/wp\/v2\/product_cat?post=3321"},{"taxonomy":"product_tag","embeddable":true,"href":"https:\/\/gabuteau.com\/es\/wp-json\/wp\/v2\/product_tag?post=3321"}],"curies":[{"name":"wp","href":"https:\/\/api.w.org\/{rel}","templated":true}]}}