{"id":3328,"date":"2022-07-25T16:33:10","date_gmt":"2022-07-25T21:33:10","guid":{"rendered":"http:\/\/qa.gabuteau.com\/product\/tm-110\/"},"modified":"2026-04-10T18:09:03","modified_gmt":"2026-04-10T23:09:03","slug":"tm-110","status":"publish","type":"product","link":"https:\/\/gabuteau.com\/es\/producto\/mujer\/billeteras-2\/tarjeteros-accesorios\/tm-110\/","title":{"rendered":"Tarjetero TM 110"},"content":{"rendered":"<p>&nbsp;<\/p>\n","protected":false},"excerpt":{"rendered":"<p>Dise\u00f1o delgado con bolsillo con cierre de cremallera, est\u00e1 dise\u00f1ado con una asa de cuero que permite llevarlo en tu bolso m\u00e1s grande o llevarlo en la mano. Confeccionado con 4 ranuras para tarjetas de cr\u00e9dito y\/o documentos en el cuerpo posterior y un elegante dije de metal en el cuerpo frontal. Adem\u00e1s en su interior contiene un bolsillo con 3 ranuras m\u00e1s para tarjetas. Un tarjetero muy completo gracias a su tama\u00f1o y amplio cierre de gran comodidad.<\/p>\n","protected":false},"featured_media":9441,"template":"","meta":{"_acf_changed":false,"inline_featured_image":false},"product_cat":[72,87],"product_tag":[209],"class_list":{"0":"post-3328","1":"product","2":"type-product","3":"status-publish","4":"has-post-thumbnail","6":"product_cat-monogramming","7":"product_cat-tarjeteros-accesorios","8":"product_tag-simplicidad","10":"first","11":"instock","12":"purchasable","13":"product-type-variable","14":"has-default-attributes"},"exclude_global_add_ons":false,"addons":[{"name":"Agregar monogram","type":"checkbox","position":0,"required":false,"title_format":"hide","description_enable":false,"description":"","placeholder_enable":false,"placeholder":"","display":"select","restrictions_type":"any_text","adjust_price":false,"price":"","price_type":"flat_fee","restrictions":false,"min":0,"max":0,"options":[{"label":"Agregar monogram (personalizaci\u00f3n)","price":"0","price_type":"flat_fee","image":0}],"id":1692882220},{"name":"Ingresa tus iniciales","type":"custom_text","position":1,"required":false,"title_format":"label","description_enable":true,"description":"Ingresa m\u00e1ximo X caracteres","placeholder_enable":false,"placeholder":"","display":"select","restrictions_type":"any_text","adjust_price":false,"price":"","price_type":"flat_fee","restrictions":false,"min":0,"max":0,"options":[],"id":1692882221}],"acf":[],"_links":{"self":[{"href":"https:\/\/gabuteau.com\/es\/wp-json\/wp\/v2\/product\/3328","targetHints":{"allow":["GET"]}}],"collection":[{"href":"https:\/\/gabuteau.com\/es\/wp-json\/wp\/v2\/product"}],"about":[{"href":"https:\/\/gabuteau.com\/es\/wp-json\/wp\/v2\/types\/product"}],"wp:featuredmedia":[{"embeddable":true,"href":"https:\/\/gabuteau.com\/es\/wp-json\/wp\/v2\/media\/9441"}],"wp:attachment":[{"href":"https:\/\/gabuteau.com\/es\/wp-json\/wp\/v2\/media?parent=3328"}],"wp:term":[{"taxonomy":"product_cat","embeddable":true,"href":"https:\/\/gabuteau.com\/es\/wp-json\/wp\/v2\/product_cat?post=3328"},{"taxonomy":"product_tag","embeddable":true,"href":"https:\/\/gabuteau.com\/es\/wp-json\/wp\/v2\/product_tag?post=3328"}],"curies":[{"name":"wp","href":"https:\/\/api.w.org\/{rel}","templated":true}]}}