{"id":3354,"date":"2022-07-25T16:33:33","date_gmt":"2022-07-25T21:33:33","guid":{"rendered":"http:\/\/qa.gabuteau.com\/product\/tm-114\/"},"modified":"2026-03-28T08:21:43","modified_gmt":"2026-03-28T13:21:43","slug":"tm-114","status":"publish","type":"product","link":"https:\/\/gabuteau.com\/es\/producto\/mujer\/billeteras-2\/tarjeteros-accesorios\/tm-114\/","title":{"rendered":"Tarjetero TM 114"},"content":{"rendered":"<p>x<\/p>\n","protected":false},"excerpt":{"rendered":"<p>Dise\u00f1o con una sensaci\u00f3n minimalista. Este tarjetero solo va con dos costuras a mano en el cuerpo lateral. Contiene un solo compartimento. Adem\u00e1s posee el sello en pan de oro en la parte frontal.<\/p>\n<ul>\n<li>Tarjetero minimalista, con bordes lijados a mano, que hacen juego con sus costuras laterales.<\/li>\n<li>Espacio para quince tarjetas de presentaci\u00f3n.<\/li>\n<\/ul>\n","protected":false},"featured_media":6556,"template":"","meta":{"_acf_changed":false,"inline_featured_image":false},"product_cat":[72,87],"product_tag":[73,209],"class_list":{"0":"post-3354","1":"product","2":"type-product","3":"status-publish","4":"has-post-thumbnail","6":"product_cat-monogramming","7":"product_cat-tarjeteros-accesorios","8":"product_tag-naturalidad-2022","9":"product_tag-simplicidad","11":"first","12":"outofstock","13":"product-type-variable","14":"has-default-attributes"},"exclude_global_add_ons":false,"addons":[{"name":"Agregar monogram","type":"checkbox","position":0,"required":false,"title_format":"hide","description_enable":false,"description":"","placeholder_enable":false,"placeholder":"","display":"select","restrictions_type":"any_text","adjust_price":false,"price":"","price_type":"flat_fee","restrictions":false,"min":0,"max":0,"options":[{"label":"Agregar monogram (personalizaci\u00f3n)","price":"0","price_type":"flat_fee","image":0}],"id":1692882220},{"name":"Ingresa tus iniciales","type":"custom_text","position":1,"required":false,"title_format":"label","description_enable":true,"description":"Ingresa m\u00e1ximo X caracteres","placeholder_enable":false,"placeholder":"","display":"select","restrictions_type":"any_text","adjust_price":false,"price":"","price_type":"flat_fee","restrictions":false,"min":0,"max":0,"options":[],"id":1692882221}],"acf":[],"_links":{"self":[{"href":"https:\/\/gabuteau.com\/es\/wp-json\/wp\/v2\/product\/3354","targetHints":{"allow":["GET"]}}],"collection":[{"href":"https:\/\/gabuteau.com\/es\/wp-json\/wp\/v2\/product"}],"about":[{"href":"https:\/\/gabuteau.com\/es\/wp-json\/wp\/v2\/types\/product"}],"wp:featuredmedia":[{"embeddable":true,"href":"https:\/\/gabuteau.com\/es\/wp-json\/wp\/v2\/media\/6556"}],"wp:attachment":[{"href":"https:\/\/gabuteau.com\/es\/wp-json\/wp\/v2\/media?parent=3354"}],"wp:term":[{"taxonomy":"product_cat","embeddable":true,"href":"https:\/\/gabuteau.com\/es\/wp-json\/wp\/v2\/product_cat?post=3354"},{"taxonomy":"product_tag","embeddable":true,"href":"https:\/\/gabuteau.com\/es\/wp-json\/wp\/v2\/product_tag?post=3354"}],"curies":[{"name":"wp","href":"https:\/\/api.w.org\/{rel}","templated":true}]}}