{"id":3376,"date":"2022-07-25T16:34:18","date_gmt":"2022-07-25T21:34:18","guid":{"rendered":"http:\/\/qa.gabuteau.com\/product\/tm-119\/"},"modified":"2026-05-15T16:08:39","modified_gmt":"2026-05-15T21:08:39","slug":"tm-119","status":"publish","type":"product","link":"https:\/\/gabuteau.com\/es\/producto\/mujer\/billeteras-2\/tarjeteros-accesorios\/tm-119\/","title":{"rendered":"Tarjetero TM 119"},"content":{"rendered":"<p>x<\/p>\n","protected":false},"excerpt":{"rendered":"<p>Si hablamos de comodidad en tarjeteros esa es nuestra TM 119, un dise\u00f1o completo y c\u00f3modo. Dise\u00f1o moderno que en su totalidad posee 6 ranuras al corte para tarjetas de cr\u00e9dito, 2 compartimentos adicionales con mica para fotos, documentos y\/o notas y adem\u00e1s 1 compartimento adicional en la parte superior del mismo. A su vez lleva dos lenguetas con broche para un f\u00e1cil cerrado.<\/p>\n","protected":false},"featured_media":30735,"template":"","meta":{"_acf_changed":false,"inline_featured_image":false},"product_cat":[72,87],"product_tag":[211,848],"class_list":{"0":"post-3376","1":"product","2":"type-product","3":"status-publish","4":"has-post-thumbnail","6":"product_cat-monogramming","7":"product_cat-tarjeteros-accesorios","8":"product_tag-esta-bien","9":"product_tag-raices","11":"first","12":"instock","13":"purchasable","14":"product-type-variable","15":"has-default-attributes"},"exclude_global_add_ons":false,"addons":[{"name":"Agregar monogram","type":"checkbox","position":0,"required":false,"title_format":"hide","description_enable":false,"description":"","placeholder_enable":false,"placeholder":"","display":"select","restrictions_type":"any_text","adjust_price":false,"price":"","price_type":"flat_fee","restrictions":false,"min":0,"max":0,"options":[{"label":"Agregar monogram (personalizaci\u00f3n)","price":"0","price_type":"flat_fee","image":0}],"id":1692882220},{"name":"Ingresa tus iniciales","type":"custom_text","position":1,"required":false,"title_format":"label","description_enable":true,"description":"Ingresa m\u00e1ximo X caracteres","placeholder_enable":false,"placeholder":"","display":"select","restrictions_type":"any_text","adjust_price":false,"price":"","price_type":"flat_fee","restrictions":false,"min":0,"max":0,"options":[],"id":1692882221}],"acf":[],"_links":{"self":[{"href":"https:\/\/gabuteau.com\/es\/wp-json\/wp\/v2\/product\/3376","targetHints":{"allow":["GET"]}}],"collection":[{"href":"https:\/\/gabuteau.com\/es\/wp-json\/wp\/v2\/product"}],"about":[{"href":"https:\/\/gabuteau.com\/es\/wp-json\/wp\/v2\/types\/product"}],"wp:featuredmedia":[{"embeddable":true,"href":"https:\/\/gabuteau.com\/es\/wp-json\/wp\/v2\/media\/30735"}],"wp:attachment":[{"href":"https:\/\/gabuteau.com\/es\/wp-json\/wp\/v2\/media?parent=3376"}],"wp:term":[{"taxonomy":"product_cat","embeddable":true,"href":"https:\/\/gabuteau.com\/es\/wp-json\/wp\/v2\/product_cat?post=3376"},{"taxonomy":"product_tag","embeddable":true,"href":"https:\/\/gabuteau.com\/es\/wp-json\/wp\/v2\/product_tag?post=3376"}],"curies":[{"name":"wp","href":"https:\/\/api.w.org\/{rel}","templated":true}]}}