{"id":34051,"date":"2024-11-25T11:20:36","date_gmt":"2024-11-25T16:20:36","guid":{"rendered":"https:\/\/gabuteau.com\/?post_type=product&#038;p=34051"},"modified":"2026-04-24T17:10:03","modified_gmt":"2026-04-24T22:10:03","slug":"tarjetero-tu-102","status":"publish","type":"product","link":"https:\/\/gabuteau.com\/es\/producto\/hombre\/billeteras-3\/tarjeteros\/tarjetero-tu-102\/","title":{"rendered":"Tarjetero TU 102"},"content":{"rendered":"<p>&nbsp;<\/p>\n","protected":false},"excerpt":{"rendered":"<p>El TU 102, es un tarjetero unisex. Tiene un dise\u00f1o \u00fanico ya que cuenta con cortes sim\u00e9tricos que juegan entre s\u00ed y un contraste de color lo que lo hace especial sin perder el toque minimalista de nuestra firma.<\/p>\n<ul>\n<li>Tapa con broche<\/li>\n<li>2 colores de cuero<\/li>\n<li>Interior de tela<\/li>\n<li>Capacidad 7 tarjetas<\/li>\n<li>Sello en bajo relieve<\/li>\n<li>Acabados al corte y bordes pintado a mano.<\/li>\n<\/ul>\n","protected":false},"featured_media":34038,"template":"","meta":{"_acf_changed":false,"inline_featured_image":false},"product_cat":[86,87],"product_tag":[735],"class_list":{"0":"post-34051","1":"product","2":"type-product","3":"status-publish","4":"has-post-thumbnail","6":"product_cat-tarjeteros","7":"product_cat-tarjeteros-accesorios","8":"product_tag-destino","10":"first","11":"instock","12":"taxable","13":"shipping-taxable","14":"purchasable","15":"product-type-variable","16":"has-default-attributes"},"exclude_global_add_ons":[],"addons":[],"acf":[],"_links":{"self":[{"href":"https:\/\/gabuteau.com\/es\/wp-json\/wp\/v2\/product\/34051","targetHints":{"allow":["GET"]}}],"collection":[{"href":"https:\/\/gabuteau.com\/es\/wp-json\/wp\/v2\/product"}],"about":[{"href":"https:\/\/gabuteau.com\/es\/wp-json\/wp\/v2\/types\/product"}],"wp:featuredmedia":[{"embeddable":true,"href":"https:\/\/gabuteau.com\/es\/wp-json\/wp\/v2\/media\/34038"}],"wp:attachment":[{"href":"https:\/\/gabuteau.com\/es\/wp-json\/wp\/v2\/media?parent=34051"}],"wp:term":[{"taxonomy":"product_cat","embeddable":true,"href":"https:\/\/gabuteau.com\/es\/wp-json\/wp\/v2\/product_cat?post=34051"},{"taxonomy":"product_tag","embeddable":true,"href":"https:\/\/gabuteau.com\/es\/wp-json\/wp\/v2\/product_tag?post=34051"}],"curies":[{"name":"wp","href":"https:\/\/api.w.org\/{rel}","templated":true}]}}