{"id":34490,"date":"2024-12-20T16:07:42","date_gmt":"2024-12-20T21:07:42","guid":{"rendered":"https:\/\/gabuteau.com\/?post_type=product&#038;p=34490"},"modified":"2026-04-10T18:08:56","modified_gmt":"2026-04-10T23:08:56","slug":"sujetacable-101","status":"publish","type":"product","link":"https:\/\/gabuteau.com\/es\/producto\/linea-home\/para-escritorio\/sujetacable-101\/","title":{"rendered":"SUJETACABLE 101"},"content":{"rendered":"<p>&nbsp;<\/p>\n","protected":false},"excerpt":{"rendered":"<p>Sujetador de cable ideal para mantener tus cables perfectamente organizados. Este accesorio est\u00e1 pensado para quienes valoran tanto la funcionalidad como la est\u00e9tica, ofreciendo la combinaci\u00f3n entre un dise\u00f1o pr\u00e1ctico y elegante.<\/p>\n<ul>\n<li>Cerrado con pin<\/li>\n<li>Acabados al corte<\/li>\n<li>Isotipo en bajo relieve<\/li>\n<li>Capacidad para un cable<\/li>\n<\/ul>\n","protected":false},"featured_media":34499,"template":"","meta":{"_acf_changed":false,"inline_featured_image":false},"product_cat":[982,837,72],"product_tag":[906,933],"class_list":{"0":"post-34490","1":"product","2":"type-product","3":"status-publish","4":"has-post-thumbnail","6":"product_cat-escritorio-decoracion","7":"product_cat-para-escritorio","8":"product_cat-monogramming","9":"product_tag-libertad","10":"product_tag-ofrenda","12":"first","13":"instock","14":"taxable","15":"shipping-taxable","16":"purchasable","17":"product-type-variable","18":"has-default-attributes"},"exclude_global_add_ons":false,"addons":[{"name":"Agregar monogram","type":"checkbox","position":0,"required":false,"title_format":"hide","description_enable":false,"description":"","placeholder_enable":false,"placeholder":"","display":"select","restrictions_type":"any_text","adjust_price":false,"price":"","price_type":"flat_fee","restrictions":false,"min":0,"max":0,"options":[{"label":"Agregar monogram (personalizaci\u00f3n)","price":"0","price_type":"flat_fee","image":0}],"id":1692882220},{"name":"Ingresa tus iniciales","type":"custom_text","position":1,"required":false,"title_format":"label","description_enable":true,"description":"Ingresa m\u00e1ximo X caracteres","placeholder_enable":false,"placeholder":"","display":"select","restrictions_type":"any_text","adjust_price":false,"price":"","price_type":"flat_fee","restrictions":false,"min":0,"max":0,"options":[],"id":1692882221}],"acf":[],"_links":{"self":[{"href":"https:\/\/gabuteau.com\/es\/wp-json\/wp\/v2\/product\/34490","targetHints":{"allow":["GET"]}}],"collection":[{"href":"https:\/\/gabuteau.com\/es\/wp-json\/wp\/v2\/product"}],"about":[{"href":"https:\/\/gabuteau.com\/es\/wp-json\/wp\/v2\/types\/product"}],"wp:featuredmedia":[{"embeddable":true,"href":"https:\/\/gabuteau.com\/es\/wp-json\/wp\/v2\/media\/34499"}],"wp:attachment":[{"href":"https:\/\/gabuteau.com\/es\/wp-json\/wp\/v2\/media?parent=34490"}],"wp:term":[{"taxonomy":"product_cat","embeddable":true,"href":"https:\/\/gabuteau.com\/es\/wp-json\/wp\/v2\/product_cat?post=34490"},{"taxonomy":"product_tag","embeddable":true,"href":"https:\/\/gabuteau.com\/es\/wp-json\/wp\/v2\/product_tag?post=34490"}],"curies":[{"name":"wp","href":"https:\/\/api.w.org\/{rel}","templated":true}]}}