{"id":35850,"date":"2025-04-22T17:17:18","date_gmt":"2025-04-22T22:17:18","guid":{"rendered":"https:\/\/gabuteau.com\/producto\/sin%20categor\u00eda\/denise-xs\/"},"modified":"2026-04-24T17:09:00","modified_gmt":"2026-04-24T22:09:00","slug":"denise-xs","status":"publish","type":"product","link":"https:\/\/gabuteau.com\/es\/producto\/mujer\/bolsos\/bucket\/denise-xs\/","title":{"rendered":"DENISE XS"},"content":{"rendered":"<p>Largo de asa: 54cm<\/p>\n<div id=\"lt-accessibility-devtools\" aria-hidden=\"true\"><\/div>\n","protected":false},"excerpt":{"rendered":"<p>Denise XS es un bolso de tama\u00f1o petit con un dise\u00f1o que combina una estructura s\u00f3lida con ligereza. Ofrece el espacio ideal para llevar lo esencial de manera pr\u00e1ctica.<\/p>\n<ul>\n<li>Bordes pintados a mano<\/li>\n<li>Asa ajustable<\/li>\n<li>Cierre con cord\u00f3n de cuero<\/li>\n<li>Interior de gamuza<\/li>\n<\/ul>\n<div id=\"lt-accessibility-devtools\" aria-hidden=\"true\"><\/div>\n","protected":false},"featured_media":35881,"template":"","meta":{"_acf_changed":false,"inline_featured_image":false},"product_cat":[70],"product_tag":[933],"class_list":{"0":"post-35850","1":"product","2":"type-product","3":"status-publish","4":"has-post-thumbnail","6":"product_cat-bucket","7":"product_tag-ofrenda","9":"first","10":"instock","11":"taxable","12":"shipping-taxable","13":"purchasable","14":"product-type-variable","15":"has-default-attributes"},"exclude_global_add_ons":[],"addons":[],"acf":[],"_links":{"self":[{"href":"https:\/\/gabuteau.com\/es\/wp-json\/wp\/v2\/product\/35850","targetHints":{"allow":["GET"]}}],"collection":[{"href":"https:\/\/gabuteau.com\/es\/wp-json\/wp\/v2\/product"}],"about":[{"href":"https:\/\/gabuteau.com\/es\/wp-json\/wp\/v2\/types\/product"}],"wp:featuredmedia":[{"embeddable":true,"href":"https:\/\/gabuteau.com\/es\/wp-json\/wp\/v2\/media\/35881"}],"wp:attachment":[{"href":"https:\/\/gabuteau.com\/es\/wp-json\/wp\/v2\/media?parent=35850"}],"wp:term":[{"taxonomy":"product_cat","embeddable":true,"href":"https:\/\/gabuteau.com\/es\/wp-json\/wp\/v2\/product_cat?post=35850"},{"taxonomy":"product_tag","embeddable":true,"href":"https:\/\/gabuteau.com\/es\/wp-json\/wp\/v2\/product_tag?post=35850"}],"curies":[{"name":"wp","href":"https:\/\/api.w.org\/{rel}","templated":true}]}}