{"id":36289,"date":"2025-05-06T11:09:19","date_gmt":"2025-05-06T16:09:19","guid":{"rendered":"https:\/\/gabuteau.com\/?post_type=product&#038;p=36289"},"modified":"2026-04-24T17:09:26","modified_gmt":"2026-04-24T22:09:26","slug":"neceser-101-m","status":"publish","type":"product","link":"https:\/\/gabuteau.com\/es\/producto\/mujer\/organizadores\/neceseres-2\/neceser-101-m\/","title":{"rendered":"NECESER 101 M"},"content":{"rendered":"<p>x<\/p>\n","protected":false},"excerpt":{"rendered":"<p>Este accesorio est\u00e1 dise\u00f1ado para organizar y llevar los elementos esenciales de tu rutina diaria. Gracias a su tama\u00f1o, se convierte en el complemento perfecto para mantener tus pertenencias ordenadas.<\/p>\n<ul>\n<li>Cierre met\u00e1lico<\/li>\n<li>Interior de tela<\/li>\n<li>Bolsillo interno<\/li>\n<\/ul>\n","protected":false},"featured_media":36296,"template":"","meta":{"_acf_changed":false,"inline_featured_image":false},"product_cat":[641],"product_tag":[933],"class_list":{"0":"post-36289","1":"product","2":"type-product","3":"status-publish","4":"has-post-thumbnail","6":"product_cat-neceseres-2","7":"product_tag-ofrenda","9":"first","10":"instock","11":"taxable","12":"shipping-taxable","13":"purchasable","14":"product-type-variable","15":"has-default-attributes"},"exclude_global_add_ons":[],"addons":[],"acf":[],"_links":{"self":[{"href":"https:\/\/gabuteau.com\/es\/wp-json\/wp\/v2\/product\/36289","targetHints":{"allow":["GET"]}}],"collection":[{"href":"https:\/\/gabuteau.com\/es\/wp-json\/wp\/v2\/product"}],"about":[{"href":"https:\/\/gabuteau.com\/es\/wp-json\/wp\/v2\/types\/product"}],"wp:featuredmedia":[{"embeddable":true,"href":"https:\/\/gabuteau.com\/es\/wp-json\/wp\/v2\/media\/36296"}],"wp:attachment":[{"href":"https:\/\/gabuteau.com\/es\/wp-json\/wp\/v2\/media?parent=36289"}],"wp:term":[{"taxonomy":"product_cat","embeddable":true,"href":"https:\/\/gabuteau.com\/es\/wp-json\/wp\/v2\/product_cat?post=36289"},{"taxonomy":"product_tag","embeddable":true,"href":"https:\/\/gabuteau.com\/es\/wp-json\/wp\/v2\/product_tag?post=36289"}],"curies":[{"name":"wp","href":"https:\/\/api.w.org\/{rel}","templated":true}]}}