{"id":38266,"date":"2025-08-12T16:58:58","date_gmt":"2025-08-12T21:58:58","guid":{"rendered":"https:\/\/gabuteau.com\/?post_type=product&#038;p=38266"},"modified":"2026-04-10T18:08:35","modified_gmt":"2026-04-10T23:08:35","slug":"mom-116","status":"publish","type":"product","link":"https:\/\/gabuteau.com\/es\/producto\/mujer\/billeteras-2\/monederos\/mom-116\/","title":{"rendered":"Mom 116"},"content":{"rendered":"<p>x<\/p>\n","protected":false},"excerpt":{"rendered":"<div class=\"formula-bar-separator-container\">\n<p>Un dise\u00f1o amplio y pr\u00e1ctico pensado en la mujer sofiticada y activa. Cuenta con un asa jalador y el tama\u00f1o ideal para que sea de f\u00e1cil transporte y te acompa\u00f1e en tu d\u00eda a d\u00eda.<\/p>\n<ul>\n<li class=\"formula-bar-separator\">Acabados al corte y bordes pintado a mano.<\/li>\n<li>Sello en bajo relieve<\/li>\n<li>Asa jalador<\/li>\n<li>1 Bolsillo con divisi\u00f3n para dinero o documentos<\/li>\n<li>Personalizado \/Monogram<\/li>\n<\/ul>\n<\/div>\n<div id=\"lt-accessibility-devtools\" aria-hidden=\"true\"><\/div>\n","protected":false},"featured_media":38273,"template":"","meta":{"_acf_changed":false,"inline_featured_image":false},"product_cat":[90],"product_tag":[],"class_list":{"0":"post-38266","1":"product","2":"type-product","3":"status-publish","4":"has-post-thumbnail","6":"product_cat-monederos","8":"first","9":"instock","10":"taxable","11":"shipping-taxable","12":"purchasable","13":"product-type-variable","14":"has-default-attributes"},"exclude_global_add_ons":[],"addons":[],"acf":[],"_links":{"self":[{"href":"https:\/\/gabuteau.com\/es\/wp-json\/wp\/v2\/product\/38266","targetHints":{"allow":["GET"]}}],"collection":[{"href":"https:\/\/gabuteau.com\/es\/wp-json\/wp\/v2\/product"}],"about":[{"href":"https:\/\/gabuteau.com\/es\/wp-json\/wp\/v2\/types\/product"}],"wp:featuredmedia":[{"embeddable":true,"href":"https:\/\/gabuteau.com\/es\/wp-json\/wp\/v2\/media\/38273"}],"wp:attachment":[{"href":"https:\/\/gabuteau.com\/es\/wp-json\/wp\/v2\/media?parent=38266"}],"wp:term":[{"taxonomy":"product_cat","embeddable":true,"href":"https:\/\/gabuteau.com\/es\/wp-json\/wp\/v2\/product_cat?post=38266"},{"taxonomy":"product_tag","embeddable":true,"href":"https:\/\/gabuteau.com\/es\/wp-json\/wp\/v2\/product_tag?post=38266"}],"curies":[{"name":"wp","href":"https:\/\/api.w.org\/{rel}","templated":true}]}}