{"id":40676,"date":"2025-11-17T12:06:45","date_gmt":"2025-11-17T17:06:45","guid":{"rendered":"https:\/\/gabuteau.com\/?post_type=product&#038;p=40676"},"modified":"2026-04-18T00:28:41","modified_gmt":"2026-04-18T05:28:41","slug":"dara","status":"publish","type":"product","link":"https:\/\/gabuteau.com\/es\/producto\/mujer\/bolsos\/canguros\/dara\/","title":{"rendered":"DARA"},"content":{"rendered":"<div id=\"lt-accessibility-devtools\" aria-hidden=\"true\"><\/div>\n","protected":false},"excerpt":{"rendered":"<p>Canguro compacto con dise\u00f1o minimalista y sofisticado. Ideal para quienes buscan practicidad sin perder estilo. Su cintur\u00f3n ajustable se adapta c\u00f3modamente desde la talla S hasta la L.<\/p>\n<ul>\n<li>Acabados doblados y bordes pintados a mano<\/li>\n<li>Tapa imantada<\/li>\n<li>Interior de tela<\/li>\n<li>Asa plana con pin<\/li>\n<\/ul>\n<div id=\"lt-accessibility-devtools\" aria-hidden=\"true\"><\/div>\n","protected":false},"featured_media":40696,"template":"","meta":{"_acf_changed":false,"inline_featured_image":false},"product_cat":[979,74],"product_tag":[956],"class_list":{"0":"post-40676","1":"product","2":"type-product","3":"status-publish","4":"has-post-thumbnail","6":"product_cat-mochilas-canguros","7":"product_cat-canguros","8":"product_tag-latitud","10":"first","11":"instock","12":"taxable","13":"shipping-taxable","14":"purchasable","15":"product-type-variable","16":"has-default-attributes"},"exclude_global_add_ons":[],"addons":[],"acf":[],"_links":{"self":[{"href":"https:\/\/gabuteau.com\/es\/wp-json\/wp\/v2\/product\/40676","targetHints":{"allow":["GET"]}}],"collection":[{"href":"https:\/\/gabuteau.com\/es\/wp-json\/wp\/v2\/product"}],"about":[{"href":"https:\/\/gabuteau.com\/es\/wp-json\/wp\/v2\/types\/product"}],"wp:featuredmedia":[{"embeddable":true,"href":"https:\/\/gabuteau.com\/es\/wp-json\/wp\/v2\/media\/40696"}],"wp:attachment":[{"href":"https:\/\/gabuteau.com\/es\/wp-json\/wp\/v2\/media?parent=40676"}],"wp:term":[{"taxonomy":"product_cat","embeddable":true,"href":"https:\/\/gabuteau.com\/es\/wp-json\/wp\/v2\/product_cat?post=40676"},{"taxonomy":"product_tag","embeddable":true,"href":"https:\/\/gabuteau.com\/es\/wp-json\/wp\/v2\/product_tag?post=40676"}],"curies":[{"name":"wp","href":"https:\/\/api.w.org\/{rel}","templated":true}]}}