{"id":40786,"date":"2025-11-17T11:58:29","date_gmt":"2025-11-17T16:58:29","guid":{"rendered":"https:\/\/gabuteau.com\/?post_type=product&#038;p=40786"},"modified":"2026-04-24T17:10:42","modified_gmt":"2026-04-24T22:10:42","slug":"mila","status":"publish","type":"product","link":"https:\/\/gabuteau.com\/es\/producto\/mujer\/bolsos\/de-hombro\/mila\/","title":{"rendered":"MILA"},"content":{"rendered":"<p>X<\/p>\n<div id=\"lt-accessibility-devtools\" aria-hidden=\"true\"><\/div>\n","protected":false},"excerpt":{"rendered":"<p>Bolso semicircular de dise\u00f1o contempor\u00e1neo, elaborado a mano con dos cuerpos que forman una silueta \u00fanica y sofisticada.<\/p>\n<ul>\n<li>Acabados doblados<\/li>\n<li>Tapa imantada<\/li>\n<li>Interior de tela<\/li>\n<li>2 Bolsillos internos<\/li>\n<\/ul>\n<div id=\"lt-accessibility-devtools\" aria-hidden=\"true\"><\/div>\n","protected":false},"featured_media":40796,"template":"","meta":{"_acf_changed":false,"inline_featured_image":false},"product_cat":[227],"product_tag":[956],"class_list":{"0":"post-40786","1":"product","2":"type-product","3":"status-publish","4":"has-post-thumbnail","6":"product_cat-de-hombro","7":"product_tag-latitud","9":"first","10":"instock","11":"taxable","12":"shipping-taxable","13":"purchasable","14":"product-type-variable","15":"has-default-attributes"},"exclude_global_add_ons":[],"addons":[],"acf":[],"_links":{"self":[{"href":"https:\/\/gabuteau.com\/es\/wp-json\/wp\/v2\/product\/40786","targetHints":{"allow":["GET"]}}],"collection":[{"href":"https:\/\/gabuteau.com\/es\/wp-json\/wp\/v2\/product"}],"about":[{"href":"https:\/\/gabuteau.com\/es\/wp-json\/wp\/v2\/types\/product"}],"wp:featuredmedia":[{"embeddable":true,"href":"https:\/\/gabuteau.com\/es\/wp-json\/wp\/v2\/media\/40796"}],"wp:attachment":[{"href":"https:\/\/gabuteau.com\/es\/wp-json\/wp\/v2\/media?parent=40786"}],"wp:term":[{"taxonomy":"product_cat","embeddable":true,"href":"https:\/\/gabuteau.com\/es\/wp-json\/wp\/v2\/product_cat?post=40786"},{"taxonomy":"product_tag","embeddable":true,"href":"https:\/\/gabuteau.com\/es\/wp-json\/wp\/v2\/product_tag?post=40786"}],"curies":[{"name":"wp","href":"https:\/\/api.w.org\/{rel}","templated":true}]}}