{"id":44103,"date":"2026-04-21T19:00:20","date_gmt":"2026-04-22T00:00:20","guid":{"rendered":"https:\/\/gabuteau.com\/?post_type=product&#038;p=44103"},"modified":"2026-04-22T12:10:16","modified_gmt":"2026-04-22T17:10:16","slug":"vala","status":"publish","type":"product","link":"https:\/\/gabuteau.com\/es\/producto\/mujer\/bolsos\/de-hombro\/vala\/","title":{"rendered":"VALA"},"content":{"rendered":"<p>x<\/p>\n","protected":false},"excerpt":{"rendered":"<p>Vala es un bolso de silueta semicircular que destaca por su forma suave y elegante. Su \u00fanica asa, que conecta el cuerpo delantero con el posterior, le da un dise\u00f1o fluido y original. Incluye un bolsillo interno para mantener tus esenciales organizados. Ligero, vers\u00e1til y con estilo propio.<\/p>\n<ul>\n<li>Acabados doblados y bordes pintados a mano<\/li>\n<li>Interior de tela<\/li>\n<li>Bolsillo interno<\/li>\n<li>Cierre met\u00e1lico<\/li>\n<\/ul>\n<div id=\"lt-accessibility-devtools\" aria-hidden=\"true\"><\/div>\n","protected":false},"featured_media":44090,"template":"","meta":{"_acf_changed":false,"inline_featured_image":false},"product_cat":[71,227],"product_tag":[1009],"class_list":{"0":"post-44103","1":"product","2":"type-product","3":"status-publish","4":"has-post-thumbnail","6":"product_cat-destacados","7":"product_cat-de-hombro","8":"product_tag-costumbres","10":"first","11":"instock","12":"taxable","13":"shipping-taxable","14":"purchasable","15":"product-type-variable","16":"has-default-attributes"},"exclude_global_add_ons":[],"addons":[],"acf":[],"_links":{"self":[{"href":"https:\/\/gabuteau.com\/es\/wp-json\/wp\/v2\/product\/44103","targetHints":{"allow":["GET"]}}],"collection":[{"href":"https:\/\/gabuteau.com\/es\/wp-json\/wp\/v2\/product"}],"about":[{"href":"https:\/\/gabuteau.com\/es\/wp-json\/wp\/v2\/types\/product"}],"wp:featuredmedia":[{"embeddable":true,"href":"https:\/\/gabuteau.com\/es\/wp-json\/wp\/v2\/media\/44090"}],"wp:attachment":[{"href":"https:\/\/gabuteau.com\/es\/wp-json\/wp\/v2\/media?parent=44103"}],"wp:term":[{"taxonomy":"product_cat","embeddable":true,"href":"https:\/\/gabuteau.com\/es\/wp-json\/wp\/v2\/product_cat?post=44103"},{"taxonomy":"product_tag","embeddable":true,"href":"https:\/\/gabuteau.com\/es\/wp-json\/wp\/v2\/product_tag?post=44103"}],"curies":[{"name":"wp","href":"https:\/\/api.w.org\/{rel}","templated":true}]}}