{"id":44114,"date":"2026-04-22T12:22:22","date_gmt":"2026-04-22T17:22:22","guid":{"rendered":"https:\/\/gabuteau.com\/?post_type=product&#038;p=44114"},"modified":"2026-04-22T12:22:23","modified_gmt":"2026-04-22T17:22:23","slug":"plm-106","status":"publish","type":"product","link":"https:\/\/gabuteau.com\/es\/producto\/mujer\/accesorios\/plm-106\/","title":{"rendered":"PLM 106"},"content":{"rendered":"","protected":false},"excerpt":{"rendered":"<p>Este porta lentes con capacidad para dos pares combina funcionalidad y dise\u00f1o compacto. Se dobla f\u00e1cilmente para ahorrar espacio y cuenta con un iman que asegura tus lentes, manteni\u00e9ndolos protegidos y al alcance. Ideal para quienes buscan cuidar sus lentes con estilo y comodidad.<\/p>\n<ul>\n<li>Acabados al corte y pintados a mano<\/li>\n<li>Tapa inmantada<\/li>\n<li>Interior de gamuza<\/li>\n<li>Sello en ambos lados (cuerpo frontal y posterior)<\/li>\n<\/ul>\n","protected":false},"featured_media":44116,"template":"","meta":{"_acf_changed":false,"inline_featured_image":false},"product_cat":[82],"product_tag":[1009],"class_list":{"0":"post-44114","1":"product","2":"type-product","3":"status-publish","4":"has-post-thumbnail","6":"product_cat-accesorios","7":"product_tag-costumbres","9":"first","10":"instock","11":"taxable","12":"shipping-taxable","13":"purchasable","14":"product-type-variable","15":"has-default-attributes"},"exclude_global_add_ons":[],"addons":[],"acf":[],"_links":{"self":[{"href":"https:\/\/gabuteau.com\/es\/wp-json\/wp\/v2\/product\/44114","targetHints":{"allow":["GET"]}}],"collection":[{"href":"https:\/\/gabuteau.com\/es\/wp-json\/wp\/v2\/product"}],"about":[{"href":"https:\/\/gabuteau.com\/es\/wp-json\/wp\/v2\/types\/product"}],"wp:featuredmedia":[{"embeddable":true,"href":"https:\/\/gabuteau.com\/es\/wp-json\/wp\/v2\/media\/44116"}],"wp:attachment":[{"href":"https:\/\/gabuteau.com\/es\/wp-json\/wp\/v2\/media?parent=44114"}],"wp:term":[{"taxonomy":"product_cat","embeddable":true,"href":"https:\/\/gabuteau.com\/es\/wp-json\/wp\/v2\/product_cat?post=44114"},{"taxonomy":"product_tag","embeddable":true,"href":"https:\/\/gabuteau.com\/es\/wp-json\/wp\/v2\/product_tag?post=44114"}],"curies":[{"name":"wp","href":"https:\/\/api.w.org\/{rel}","templated":true}]}}