{"id":44136,"date":"2026-04-22T11:52:16","date_gmt":"2026-04-22T16:52:16","guid":{"rendered":"https:\/\/gabuteau.com\/?post_type=product&#038;p=44136"},"modified":"2026-04-22T12:11:53","modified_gmt":"2026-04-22T17:11:53","slug":"lara","status":"publish","type":"product","link":"https:\/\/gabuteau.com\/es\/producto\/mujer\/bolsos\/crossbody\/lara\/","title":{"rendered":"LARA"},"content":{"rendered":"","protected":false},"excerpt":{"rendered":"<p>Lara es un bolso que une elegancia y funcionalidad. Sus dos compartimentos te permiten organizar tus objetos con facilidad, mientras que su tapa con cierre imantado ofrece seguridad. Su asa regulable se adapta a tu medida, y su dise\u00f1o 2 en 1 lo transforma de crossbody a clutch, acompa\u00f1ando tu estilo en cada momento del d\u00eda.<\/p>\n<ul>\n<li>Acabados doblados y bordes pintados a mano<\/li>\n<li>Asa regulable con pin<\/li>\n<li>Tapa imantada<\/li>\n<li>Interior de tela<\/li>\n<\/ul>\n<div id=\"lt-accessibility-devtools\" aria-hidden=\"true\"><\/div>\n","protected":false},"featured_media":44154,"template":"","meta":{"_acf_changed":false,"inline_featured_image":false},"product_cat":[71,79,227],"product_tag":[1009],"class_list":{"0":"post-44136","1":"product","2":"type-product","3":"status-publish","4":"has-post-thumbnail","6":"product_cat-destacados","7":"product_cat-crossbody","8":"product_cat-de-hombro","9":"product_tag-costumbres","11":"first","12":"instock","13":"taxable","14":"shipping-taxable","15":"purchasable","16":"product-type-variable","17":"has-default-attributes"},"exclude_global_add_ons":[],"addons":[],"acf":[],"_links":{"self":[{"href":"https:\/\/gabuteau.com\/es\/wp-json\/wp\/v2\/product\/44136","targetHints":{"allow":["GET"]}}],"collection":[{"href":"https:\/\/gabuteau.com\/es\/wp-json\/wp\/v2\/product"}],"about":[{"href":"https:\/\/gabuteau.com\/es\/wp-json\/wp\/v2\/types\/product"}],"wp:featuredmedia":[{"embeddable":true,"href":"https:\/\/gabuteau.com\/es\/wp-json\/wp\/v2\/media\/44154"}],"wp:attachment":[{"href":"https:\/\/gabuteau.com\/es\/wp-json\/wp\/v2\/media?parent=44136"}],"wp:term":[{"taxonomy":"product_cat","embeddable":true,"href":"https:\/\/gabuteau.com\/es\/wp-json\/wp\/v2\/product_cat?post=44136"},{"taxonomy":"product_tag","embeddable":true,"href":"https:\/\/gabuteau.com\/es\/wp-json\/wp\/v2\/product_tag?post=44136"}],"curies":[{"name":"wp","href":"https:\/\/api.w.org\/{rel}","templated":true}]}}