{"id":44159,"date":"2026-04-22T12:20:35","date_gmt":"2026-04-22T17:20:35","guid":{"rendered":"https:\/\/gabuteau.com\/?post_type=product&#038;p=44159"},"modified":"2026-04-22T12:21:02","modified_gmt":"2026-04-22T17:21:02","slug":"bndj-101","status":"publish","type":"product","link":"https:\/\/gabuteau.com\/es\/producto\/linea-home\/bndj-101\/","title":{"rendered":"BNDJ 101"},"content":{"rendered":"<p>x<\/p>\n","protected":false},"excerpt":{"rendered":"<p>Organizaci\u00f3n con estilo. Esta peque\u00f1a bandeja es el lugar perfecto para dejar tus llaves, monedas u objetos peque\u00f1os. Su tama\u00f1o compacto y dise\u00f1o funcional la hacen ideal para cualquier ambiente del hogar, manteniendo todo en su lugar con elegancia.<\/p>\n<ul>\n<li>Acabados al corte y pintados a mano<\/li>\n<\/ul>\n<div id=\"lt-accessibility-devtools\" aria-hidden=\"true\"><\/div>\n","protected":false},"featured_media":44162,"template":"","meta":{"_acf_changed":false,"inline_featured_image":false},"product_cat":[292],"product_tag":[1009],"class_list":{"0":"post-44159","1":"product","2":"type-product","3":"status-publish","4":"has-post-thumbnail","6":"product_cat-linea-home","7":"product_tag-costumbres","9":"first","10":"instock","11":"taxable","12":"shipping-taxable","13":"purchasable","14":"product-type-variable","15":"has-default-attributes"},"exclude_global_add_ons":[],"addons":[],"acf":[],"_links":{"self":[{"href":"https:\/\/gabuteau.com\/es\/wp-json\/wp\/v2\/product\/44159","targetHints":{"allow":["GET"]}}],"collection":[{"href":"https:\/\/gabuteau.com\/es\/wp-json\/wp\/v2\/product"}],"about":[{"href":"https:\/\/gabuteau.com\/es\/wp-json\/wp\/v2\/types\/product"}],"wp:featuredmedia":[{"embeddable":true,"href":"https:\/\/gabuteau.com\/es\/wp-json\/wp\/v2\/media\/44162"}],"wp:attachment":[{"href":"https:\/\/gabuteau.com\/es\/wp-json\/wp\/v2\/media?parent=44159"}],"wp:term":[{"taxonomy":"product_cat","embeddable":true,"href":"https:\/\/gabuteau.com\/es\/wp-json\/wp\/v2\/product_cat?post=44159"},{"taxonomy":"product_tag","embeddable":true,"href":"https:\/\/gabuteau.com\/es\/wp-json\/wp\/v2\/product_tag?post=44159"}],"curies":[{"name":"wp","href":"https:\/\/api.w.org\/{rel}","templated":true}]}}