{"id":44192,"date":"2026-04-22T12:09:22","date_gmt":"2026-04-22T17:09:22","guid":{"rendered":"https:\/\/gabuteau.com\/?post_type=product&#038;p=44192"},"modified":"2026-04-24T17:09:08","modified_gmt":"2026-04-24T22:09:08","slug":"lila","status":"publish","type":"product","link":"https:\/\/gabuteau.com\/es\/producto\/mujer\/bolsos\/crossbody\/lila\/","title":{"rendered":"LILA"},"content":{"rendered":"","protected":false},"excerpt":{"rendered":"<p>Lila es un bolso acolchado que destaca por su silueta equilibrada y sofisticada, con tapa y cuerpo al mismo nivel que refuerzan su dise\u00f1o limpio y uniforme. Su asa regulable se adapta con precisi\u00f3n, ofreciendo una experiencia de uso c\u00f3moda sin renunciar a la elegancia.<\/p>\n<ul>\n<li>Acabados doblados y bordes pintados a mano<\/li>\n<li>Tapa inmantada<\/li>\n<li>Asa regulable con pin<\/li>\n<li>Interior de tela<\/li>\n<li>Tarjetero interno<\/li>\n<\/ul>\n<div id=\"lt-accessibility-devtools\" aria-hidden=\"true\"><\/div>\n","protected":false},"featured_media":44212,"template":"","meta":{"_acf_changed":false,"inline_featured_image":false},"product_cat":[71,79],"product_tag":[1009],"class_list":{"0":"post-44192","1":"product","2":"type-product","3":"status-publish","4":"has-post-thumbnail","6":"product_cat-destacados","7":"product_cat-crossbody","8":"product_tag-costumbres","10":"first","11":"instock","12":"taxable","13":"shipping-taxable","14":"purchasable","15":"product-type-variable"},"exclude_global_add_ons":[],"addons":[],"acf":[],"_links":{"self":[{"href":"https:\/\/gabuteau.com\/es\/wp-json\/wp\/v2\/product\/44192","targetHints":{"allow":["GET"]}}],"collection":[{"href":"https:\/\/gabuteau.com\/es\/wp-json\/wp\/v2\/product"}],"about":[{"href":"https:\/\/gabuteau.com\/es\/wp-json\/wp\/v2\/types\/product"}],"wp:featuredmedia":[{"embeddable":true,"href":"https:\/\/gabuteau.com\/es\/wp-json\/wp\/v2\/media\/44212"}],"wp:attachment":[{"href":"https:\/\/gabuteau.com\/es\/wp-json\/wp\/v2\/media?parent=44192"}],"wp:term":[{"taxonomy":"product_cat","embeddable":true,"href":"https:\/\/gabuteau.com\/es\/wp-json\/wp\/v2\/product_cat?post=44192"},{"taxonomy":"product_tag","embeddable":true,"href":"https:\/\/gabuteau.com\/es\/wp-json\/wp\/v2\/product_tag?post=44192"}],"curies":[{"name":"wp","href":"https:\/\/api.w.org\/{rel}","templated":true}]}}