{"id":44267,"date":"2026-04-28T10:28:30","date_gmt":"2026-04-28T15:28:30","guid":{"rendered":"https:\/\/gabuteau.com\/?post_type=product&#038;p=44267"},"modified":"2026-04-28T15:52:49","modified_gmt":"2026-04-28T20:52:49","slug":"pack-mama-3","status":"publish","type":"product","link":"https:\/\/gabuteau.com\/es\/producto\/monogramming\/pack-mama-3\/","title":{"rendered":"PACK MAM\u00c1 3"},"content":{"rendered":"","protected":false},"excerpt":{"rendered":"<p>Set de edici\u00f3n limitada que combina un tarjetero de dise\u00f1o moderno y funcional con dos separadores de libro. Adem\u00e1s, uno de los tres productos, a elecci\u00f3n, puede llevar iniciales grabadas, convirti\u00e9ndolo en un detalle \u00fanico y a\u00fan m\u00e1s especial. Pr\u00e1ctico, elegante y perfecto para sorprender a mam\u00e1 con un detalle lleno de estilo.<\/p>\n","protected":false},"featured_media":44279,"template":"","meta":{"_acf_changed":false,"inline_featured_image":false},"product_cat":[1017,72],"product_tag":[],"class_list":{"0":"post-44267","1":"product","2":"type-product","3":"status-publish","4":"has-post-thumbnail","6":"product_cat-dia-de-la-madre","7":"product_cat-monogramming","9":"first","10":"instock","11":"taxable","12":"shipping-taxable","13":"purchasable","14":"product-type-variable","15":"has-default-attributes"},"exclude_global_add_ons":false,"addons":[{"name":"Agregar monogram","type":"checkbox","position":0,"required":false,"title_format":"hide","description_enable":false,"description":"","placeholder_enable":false,"placeholder":"","display":"select","restrictions_type":"any_text","adjust_price":false,"price":"","price_type":"flat_fee","restrictions":false,"min":0,"max":0,"options":[{"label":"Agregar monogram (personalizaci\u00f3n)","price":"0","price_type":"flat_fee","image":0}],"id":1692882220},{"name":"Ingresa tus iniciales","type":"custom_text","position":1,"required":false,"title_format":"label","description_enable":true,"description":"Ingresa m\u00e1ximo X caracteres","placeholder_enable":false,"placeholder":"","display":"select","restrictions_type":"any_text","adjust_price":false,"price":"","price_type":"flat_fee","restrictions":false,"min":0,"max":0,"options":[],"id":1692882221}],"acf":[],"_links":{"self":[{"href":"https:\/\/gabuteau.com\/es\/wp-json\/wp\/v2\/product\/44267","targetHints":{"allow":["GET"]}}],"collection":[{"href":"https:\/\/gabuteau.com\/es\/wp-json\/wp\/v2\/product"}],"about":[{"href":"https:\/\/gabuteau.com\/es\/wp-json\/wp\/v2\/types\/product"}],"wp:featuredmedia":[{"embeddable":true,"href":"https:\/\/gabuteau.com\/es\/wp-json\/wp\/v2\/media\/44279"}],"wp:attachment":[{"href":"https:\/\/gabuteau.com\/es\/wp-json\/wp\/v2\/media?parent=44267"}],"wp:term":[{"taxonomy":"product_cat","embeddable":true,"href":"https:\/\/gabuteau.com\/es\/wp-json\/wp\/v2\/product_cat?post=44267"},{"taxonomy":"product_tag","embeddable":true,"href":"https:\/\/gabuteau.com\/es\/wp-json\/wp\/v2\/product_tag?post=44267"}],"curies":[{"name":"wp","href":"https:\/\/api.w.org\/{rel}","templated":true}]}}