{"id":44319,"date":"2026-04-28T10:40:50","date_gmt":"2026-04-28T15:40:50","guid":{"rendered":"https:\/\/gabuteau.com\/?post_type=product&#038;p=44319"},"modified":"2026-04-28T15:53:38","modified_gmt":"2026-04-28T20:53:38","slug":"pack-mama-1","status":"publish","type":"product","link":"https:\/\/gabuteau.com\/es\/producto\/monogramming\/pack-mama-1\/","title":{"rendered":"PACK MAM\u00c1 1"},"content":{"rendered":"","protected":false},"excerpt":{"rendered":"<p>El pack ideal para mam\u00e1s viajeras. Re\u00fane un porta pasaporte de dise\u00f1o delgado, con espacio para llevar documentos y tarjetas, junto a un tag de equipaje para identificar maletas, mochilas o carteras. Adem\u00e1s, uno de los dos productos, a elecci\u00f3n, puede llevar iniciales grabadas con nuestro servicio de monogramming, convirti\u00e9ndolo en un detalle \u00fanico y a\u00fan m\u00e1s especial.<\/p>\n","protected":false},"featured_media":44294,"template":"","meta":{"_acf_changed":false,"inline_featured_image":false},"product_cat":[1017,72],"product_tag":[],"class_list":{"0":"post-44319","1":"product","2":"type-product","3":"status-publish","4":"has-post-thumbnail","6":"product_cat-dia-de-la-madre","7":"product_cat-monogramming","9":"first","10":"instock","11":"taxable","12":"shipping-taxable","13":"purchasable","14":"product-type-variable","15":"has-default-attributes"},"exclude_global_add_ons":false,"addons":[{"name":"Agregar monogram","type":"checkbox","position":0,"required":false,"title_format":"hide","description_enable":false,"description":"","placeholder_enable":false,"placeholder":"","display":"select","restrictions_type":"any_text","adjust_price":false,"price":"","price_type":"flat_fee","restrictions":false,"min":0,"max":0,"options":[{"label":"Agregar monogram (personalizaci\u00f3n)","price":"0","price_type":"flat_fee","image":0}],"id":1692882220},{"name":"Ingresa tus iniciales","type":"custom_text","position":1,"required":false,"title_format":"label","description_enable":true,"description":"Ingresa m\u00e1ximo X caracteres","placeholder_enable":false,"placeholder":"","display":"select","restrictions_type":"any_text","adjust_price":false,"price":"","price_type":"flat_fee","restrictions":false,"min":0,"max":0,"options":[],"id":1692882221}],"acf":[],"_links":{"self":[{"href":"https:\/\/gabuteau.com\/es\/wp-json\/wp\/v2\/product\/44319","targetHints":{"allow":["GET"]}}],"collection":[{"href":"https:\/\/gabuteau.com\/es\/wp-json\/wp\/v2\/product"}],"about":[{"href":"https:\/\/gabuteau.com\/es\/wp-json\/wp\/v2\/types\/product"}],"wp:featuredmedia":[{"embeddable":true,"href":"https:\/\/gabuteau.com\/es\/wp-json\/wp\/v2\/media\/44294"}],"wp:attachment":[{"href":"https:\/\/gabuteau.com\/es\/wp-json\/wp\/v2\/media?parent=44319"}],"wp:term":[{"taxonomy":"product_cat","embeddable":true,"href":"https:\/\/gabuteau.com\/es\/wp-json\/wp\/v2\/product_cat?post=44319"},{"taxonomy":"product_tag","embeddable":true,"href":"https:\/\/gabuteau.com\/es\/wp-json\/wp\/v2\/product_tag?post=44319"}],"curies":[{"name":"wp","href":"https:\/\/api.w.org\/{rel}","templated":true}]}}