{"id":8566,"date":"2022-08-15T16:09:53","date_gmt":"2022-08-15T21:09:53","guid":{"rendered":"https:\/\/qa.gabuteau.com\/product\/alc-101\/"},"modified":"2026-04-24T17:10:17","modified_gmt":"2026-04-24T22:10:17","slug":"alc-101","status":"publish","type":"product","link":"https:\/\/gabuteau.com\/es\/producto\/kids\/alcancias\/alc-101\/","title":{"rendered":"Alcanc\u00eda ALC 101"},"content":{"rendered":"<p>&nbsp;<\/p>\n","protected":false},"excerpt":{"rendered":"<p>Estructurada y original, es lo que define a la alcanc\u00eda en forma de elefante. Hecha a mano con l\u00edneas limpias, perfecta para que los peque\u00f1os se diviertan ahorrando.<\/p>\n","protected":false},"featured_media":33283,"template":"","meta":{"_acf_changed":false,"inline_featured_image":false},"product_cat":[255],"product_tag":[287,906],"class_list":{"0":"post-8566","1":"product","2":"type-product","3":"status-publish","4":"has-post-thumbnail","6":"product_cat-alcancias","7":"product_tag-era","8":"product_tag-libertad","10":"first","11":"instock","12":"purchasable","13":"product-type-variable","14":"has-default-attributes"},"exclude_global_add_ons":[],"addons":[],"acf":[],"_links":{"self":[{"href":"https:\/\/gabuteau.com\/es\/wp-json\/wp\/v2\/product\/8566","targetHints":{"allow":["GET"]}}],"collection":[{"href":"https:\/\/gabuteau.com\/es\/wp-json\/wp\/v2\/product"}],"about":[{"href":"https:\/\/gabuteau.com\/es\/wp-json\/wp\/v2\/types\/product"}],"wp:featuredmedia":[{"embeddable":true,"href":"https:\/\/gabuteau.com\/es\/wp-json\/wp\/v2\/media\/33283"}],"wp:attachment":[{"href":"https:\/\/gabuteau.com\/es\/wp-json\/wp\/v2\/media?parent=8566"}],"wp:term":[{"taxonomy":"product_cat","embeddable":true,"href":"https:\/\/gabuteau.com\/es\/wp-json\/wp\/v2\/product_cat?post=8566"},{"taxonomy":"product_tag","embeddable":true,"href":"https:\/\/gabuteau.com\/es\/wp-json\/wp\/v2\/product_tag?post=8566"}],"curies":[{"name":"wp","href":"https:\/\/api.w.org\/{rel}","templated":true}]}}