{"id":8577,"date":"2022-08-15T16:09:53","date_gmt":"2022-08-15T21:09:53","guid":{"rendered":"https:\/\/qa.gabuteau.com\/product\/alice\/"},"modified":"2024-11-14T12:43:45","modified_gmt":"2024-11-14T17:43:45","slug":"alice","status":"publish","type":"product","link":"https:\/\/gabuteau.com\/es\/producto\/kids\/bolsos-kids\/crossbody-kids-2\/alice\/","title":{"rendered":"ALICE"},"content":{"rendered":"<p>x<\/p>\n","protected":false},"excerpt":{"rendered":"<p>Las ni\u00f1as y adolescentes cada vez tienen m\u00e1s planes, que mejor qu\u00e9 lleven sus esenciales en el bolso Alice, pensado en su comodidad y seguridad.<\/p>\n","protected":false},"featured_media":8788,"template":"","meta":{"_acf_changed":false,"inline_featured_image":false},"product_cat":[256],"product_tag":[287],"class_list":{"0":"post-8577","1":"product","2":"type-product","3":"status-publish","4":"has-post-thumbnail","6":"product_cat-crossbody-kids-2","7":"product_tag-era","9":"first","10":"outofstock","11":"product-type-variable","12":"has-default-attributes"},"exclude_global_add_ons":[],"addons":[],"acf":[],"_links":{"self":[{"href":"https:\/\/gabuteau.com\/es\/wp-json\/wp\/v2\/product\/8577","targetHints":{"allow":["GET"]}}],"collection":[{"href":"https:\/\/gabuteau.com\/es\/wp-json\/wp\/v2\/product"}],"about":[{"href":"https:\/\/gabuteau.com\/es\/wp-json\/wp\/v2\/types\/product"}],"wp:featuredmedia":[{"embeddable":true,"href":"https:\/\/gabuteau.com\/es\/wp-json\/wp\/v2\/media\/8788"}],"wp:attachment":[{"href":"https:\/\/gabuteau.com\/es\/wp-json\/wp\/v2\/media?parent=8577"}],"wp:term":[{"taxonomy":"product_cat","embeddable":true,"href":"https:\/\/gabuteau.com\/es\/wp-json\/wp\/v2\/product_cat?post=8577"},{"taxonomy":"product_tag","embeddable":true,"href":"https:\/\/gabuteau.com\/es\/wp-json\/wp\/v2\/product_tag?post=8577"}],"curies":[{"name":"wp","href":"https:\/\/api.w.org\/{rel}","templated":true}]}}