{"id":8582,"date":"2022-08-15T16:09:53","date_gmt":"2022-08-15T21:09:53","guid":{"rendered":"https:\/\/qa.gabuteau.com\/product\/llm-133\/"},"modified":"2024-12-27T18:06:16","modified_gmt":"2024-12-27T23:06:16","slug":"llm-133","status":"publish","type":"product","link":"https:\/\/gabuteau.com\/es\/producto\/kids\/llaveros-2\/llm-133\/","title":{"rendered":"Llavero LLM 133"},"content":{"rendered":"<p>x<\/p>\n","protected":false},"excerpt":{"rendered":"<p>Un llavero con el tama\u00f1o perfecto, pensado para que puedas agregar tus llaves, aud\u00edfonos o el cable de tu celular, cerrado con un pin met\u00e1lico para que tenga la seguridad que necesita.<\/p>\n","protected":false},"featured_media":23916,"template":"","meta":{"_acf_changed":false,"inline_featured_image":false},"product_cat":[257],"product_tag":[287],"class_list":{"0":"post-8582","1":"product","2":"type-product","3":"status-publish","4":"has-post-thumbnail","6":"product_cat-llaveros-2","7":"product_tag-era","9":"first","10":"outofstock","11":"product-type-variable","12":"has-default-attributes"},"exclude_global_add_ons":[],"addons":[],"acf":[],"_links":{"self":[{"href":"https:\/\/gabuteau.com\/es\/wp-json\/wp\/v2\/product\/8582","targetHints":{"allow":["GET"]}}],"collection":[{"href":"https:\/\/gabuteau.com\/es\/wp-json\/wp\/v2\/product"}],"about":[{"href":"https:\/\/gabuteau.com\/es\/wp-json\/wp\/v2\/types\/product"}],"wp:featuredmedia":[{"embeddable":true,"href":"https:\/\/gabuteau.com\/es\/wp-json\/wp\/v2\/media\/23916"}],"wp:attachment":[{"href":"https:\/\/gabuteau.com\/es\/wp-json\/wp\/v2\/media?parent=8582"}],"wp:term":[{"taxonomy":"product_cat","embeddable":true,"href":"https:\/\/gabuteau.com\/es\/wp-json\/wp\/v2\/product_cat?post=8582"},{"taxonomy":"product_tag","embeddable":true,"href":"https:\/\/gabuteau.com\/es\/wp-json\/wp\/v2\/product_tag?post=8582"}],"curies":[{"name":"wp","href":"https:\/\/api.w.org\/{rel}","templated":true}]}}